{"id":29950,"date":"2025-02-06T18:16:04","date_gmt":"2025-02-06T18:16:04","guid":{"rendered":"https:\/\/alixavien.md\/?post_type=product&#038;p=29950"},"modified":"2025-03-10T10:34:04","modified_gmt":"2025-03-10T10:34:04","slug":"flat-lip-brush-2","status":"publish","type":"product","link":"https:\/\/alixavien.md\/ro\/product\/flat-lip-brush-2\/","title":{"rendered":"SMALL BLENDING BRUSH 204-17628"},"content":{"rendered":"","protected":false},"excerpt":{"rendered":"<p>O pensul\u0103 mic\u0103 pentru amestecarea fardului de pleoape, care este perfect\u0103 pentru aplicarea precis\u0103 \u0219i amestecarea fardului de pleoape \u00een zonele greu accesibile sau pentru a ad\u0103uga str\u0103lucire col\u021burilor interioare ale ochilor.<\/p>\n<p>Perii periei sunt din material sintetic.<\/p>\n","protected":false},"featured_media":33998,"template":"","meta":[],"product_brand":[],"product_cat":[285],"product_tag":[],"class_list":{"0":"post-29950","1":"product","2":"type-product","3":"status-publish","4":"has-post-thumbnail","6":"product_cat-brushes","8":"first","9":"instock","10":"shipping-taxable","11":"purchasable","12":"product-type-simple"},"yoast_head":"<!-- This site is optimized with the Yoast SEO plugin v27.6 - https:\/\/yoast.com\/product\/yoast-seo-wordpress\/ -->\n<title>SMALL BLENDING BRUSH 204-17628 - Alix Avien Cosmetic - Paris<\/title>\n<meta name=\"robots\" content=\"index, follow, max-snippet:-1, max-image-preview:large, max-video-preview:-1\" \/>\n<link rel=\"canonical\" href=\"https:\/\/alixavien.md\/ro\/product\/flat-lip-brush-2\/\" \/>\n<meta property=\"og:locale\" content=\"ro_RO\" \/>\n<meta property=\"og:type\" content=\"article\" \/>\n<meta property=\"og:title\" content=\"SMALL BLENDING BRUSH 204-17628 - Alix Avien Cosmetic - Paris\" \/>\n<meta property=\"og:description\" content=\"O pensul\u0103 mic\u0103 pentru amestecarea fardului de pleoape, care este perfect\u0103 pentru aplicarea precis\u0103 \u0219i amestecarea fardului de pleoape \u00een zonele greu accesibile sau pentru a ad\u0103uga str\u0103lucire col\u021burilor interioare ale ochilor.  Perii periei sunt din material sintetic.\" \/>\n<meta property=\"og:url\" content=\"https:\/\/alixavien.md\/ro\/product\/flat-lip-brush-2\/\" \/>\n<meta property=\"og:site_name\" content=\"Alix Avien Cosmetic - Paris\" \/>\n<meta property=\"article:modified_time\" content=\"2025-03-10T10:34:04+00:00\" \/>\n<meta property=\"og:image\" content=\"https:\/\/alixavien.md\/wp-content\/uploads\/2025\/02\/Alix-Avien-Small-Blending-Brush-AA-204-On-min-2.jpg\" \/>\n\t<meta property=\"og:image:width\" content=\"1000\" \/>\n\t<meta property=\"og:image:height\" content=\"1000\" \/>\n\t<meta property=\"og:image:type\" content=\"image\/jpeg\" \/>\n<meta name=\"twitter:card\" content=\"summary_large_image\" \/>\n<meta name=\"twitter:label1\" content=\"Timp estimat pentru citire\" \/>\n\t<meta name=\"twitter:data1\" content=\"1 minut\" \/>\n<script type=\"application\/ld+json\" class=\"yoast-schema-graph\">{\"@context\":\"https:\\\/\\\/schema.org\",\"@graph\":[{\"@type\":\"WebPage\",\"@id\":\"https:\\\/\\\/alixavien.md\\\/ro\\\/product\\\/flat-lip-brush-2\\\/\",\"url\":\"https:\\\/\\\/alixavien.md\\\/ro\\\/product\\\/flat-lip-brush-2\\\/\",\"name\":\"SMALL BLENDING BRUSH 204-17628 - Alix Avien Cosmetic - Paris\",\"isPartOf\":{\"@id\":\"https:\\\/\\\/alixavien.md\\\/ro\\\/#website\"},\"primaryImageOfPage\":{\"@id\":\"https:\\\/\\\/alixavien.md\\\/ro\\\/product\\\/flat-lip-brush-2\\\/#primaryimage\"},\"image\":{\"@id\":\"https:\\\/\\\/alixavien.md\\\/product\\\/flat-lip-brush-2\\\/#primaryimage\"},\"thumbnailUrl\":\"https:\\\/\\\/alixavien.md\\\/wp-content\\\/uploads\\\/2025\\\/02\\\/Alix-Avien-Small-Blending-Brush-AA-204-On-min-2.jpg\",\"datePublished\":\"2025-02-06T18:16:04+00:00\",\"dateModified\":\"2025-03-10T10:34:04+00:00\",\"breadcrumb\":{\"@id\":\"https:\\\/\\\/alixavien.md\\\/ro\\\/product\\\/flat-lip-brush-2\\\/#breadcrumb\"},\"inLanguage\":\"ro-RO\",\"potentialAction\":[{\"@type\":\"ReadAction\",\"target\":[[\"https:\\\/\\\/alixavien.md\\\/ro\\\/product\\\/flat-lip-brush-2\\\/\"]]}]},{\"@type\":\"ImageObject\",\"inLanguage\":\"ro-RO\",\"@id\":\"https:\\\/\\\/alixavien.md\\\/ro\\\/product\\\/flat-lip-brush-2\\\/#primaryimage\",\"url\":\"https:\\\/\\\/alixavien.md\\\/wp-content\\\/uploads\\\/2025\\\/02\\\/Alix-Avien-Small-Blending-Brush-AA-204-On-min-2.jpg\",\"contentUrl\":\"https:\\\/\\\/alixavien.md\\\/wp-content\\\/uploads\\\/2025\\\/02\\\/Alix-Avien-Small-Blending-Brush-AA-204-On-min-2.jpg\",\"width\":1000,\"height\":1000},{\"@type\":\"BreadcrumbList\",\"@id\":\"https:\\\/\\\/alixavien.md\\\/ro\\\/product\\\/flat-lip-brush-2\\\/#breadcrumb\",\"itemListElement\":[{\"@type\":\"ListItem\",\"position\":1,\"name\":\"\u0413\u043b\u0430\u0432\u043d\u0430\u044f \u0441\u0442\u0440\u0430\u043d\u0438\u0446\u0430\",\"item\":\"https:\\\/\\\/alixavien.md\\\/ro\\\/\"},{\"@type\":\"ListItem\",\"position\":2,\"name\":\"\u041a\u0430\u0442\u0430\u043b\u043e\u0433\",\"item\":\"https:\\\/\\\/alixavien.md\\\/ro\\\/catalog\\\/\"},{\"@type\":\"ListItem\",\"position\":3,\"name\":\"SMALL BLENDING BRUSH 204-17628\"}]},{\"@type\":\"WebSite\",\"@id\":\"https:\\\/\\\/alixavien.md\\\/ro\\\/#website\",\"url\":\"https:\\\/\\\/alixavien.md\\\/ro\\\/\",\"name\":\"Alix Avien Cosmetic - Paris\",\"description\":\"\",\"potentialAction\":[{\"@type\":\"SearchAction\",\"target\":{\"@type\":\"EntryPoint\",\"urlTemplate\":\"https:\\\/\\\/alixavien.md\\\/ro\\\/?s={search_term_string}\"},\"query-input\":{\"@type\":\"PropertyValueSpecification\",\"valueRequired\":true,\"valueName\":\"search_term_string\"}}],\"inLanguage\":\"ro-RO\"}]}<\/script>\n<!-- \/ Yoast SEO plugin. -->","yoast_head_json":{"title":"SMALL BLENDING BRUSH 204-17628 - Alix Avien Cosmetic - Paris","robots":{"index":"index","follow":"follow","max-snippet":"max-snippet:-1","max-image-preview":"max-image-preview:large","max-video-preview":"max-video-preview:-1"},"canonical":"https:\/\/alixavien.md\/ro\/product\/flat-lip-brush-2\/","og_locale":"ro_RO","og_type":"article","og_title":"SMALL BLENDING BRUSH 204-17628 - Alix Avien Cosmetic - Paris","og_description":"O pensul\u0103 mic\u0103 pentru amestecarea fardului de pleoape, care este perfect\u0103 pentru aplicarea precis\u0103 \u0219i amestecarea fardului de pleoape \u00een zonele greu accesibile sau pentru a ad\u0103uga str\u0103lucire col\u021burilor interioare ale ochilor.  Perii periei sunt din material sintetic.","og_url":"https:\/\/alixavien.md\/ro\/product\/flat-lip-brush-2\/","og_site_name":"Alix Avien Cosmetic - Paris","article_modified_time":"2025-03-10T10:34:04+00:00","og_image":[{"width":1000,"height":1000,"url":"https:\/\/alixavien.md\/wp-content\/uploads\/2025\/02\/Alix-Avien-Small-Blending-Brush-AA-204-On-min-2.jpg","type":"image\/jpeg"}],"twitter_card":"summary_large_image","twitter_misc":{"Timp estimat pentru citire":"1 minut"},"schema":{"@context":"https:\/\/schema.org","@graph":[{"@type":"WebPage","@id":"https:\/\/alixavien.md\/ro\/product\/flat-lip-brush-2\/","url":"https:\/\/alixavien.md\/ro\/product\/flat-lip-brush-2\/","name":"SMALL BLENDING BRUSH 204-17628 - Alix Avien Cosmetic - Paris","isPartOf":{"@id":"https:\/\/alixavien.md\/ro\/#website"},"primaryImageOfPage":{"@id":"https:\/\/alixavien.md\/ro\/product\/flat-lip-brush-2\/#primaryimage"},"image":{"@id":"https:\/\/alixavien.md\/product\/flat-lip-brush-2\/#primaryimage"},"thumbnailUrl":"https:\/\/alixavien.md\/wp-content\/uploads\/2025\/02\/Alix-Avien-Small-Blending-Brush-AA-204-On-min-2.jpg","datePublished":"2025-02-06T18:16:04+00:00","dateModified":"2025-03-10T10:34:04+00:00","breadcrumb":{"@id":"https:\/\/alixavien.md\/ro\/product\/flat-lip-brush-2\/#breadcrumb"},"inLanguage":"ro-RO","potentialAction":[{"@type":"ReadAction","target":[["https:\/\/alixavien.md\/ro\/product\/flat-lip-brush-2\/"]]}]},{"@type":"ImageObject","inLanguage":"ro-RO","@id":"https:\/\/alixavien.md\/ro\/product\/flat-lip-brush-2\/#primaryimage","url":"https:\/\/alixavien.md\/wp-content\/uploads\/2025\/02\/Alix-Avien-Small-Blending-Brush-AA-204-On-min-2.jpg","contentUrl":"https:\/\/alixavien.md\/wp-content\/uploads\/2025\/02\/Alix-Avien-Small-Blending-Brush-AA-204-On-min-2.jpg","width":1000,"height":1000},{"@type":"BreadcrumbList","@id":"https:\/\/alixavien.md\/ro\/product\/flat-lip-brush-2\/#breadcrumb","itemListElement":[{"@type":"ListItem","position":1,"name":"\u0413\u043b\u0430\u0432\u043d\u0430\u044f \u0441\u0442\u0440\u0430\u043d\u0438\u0446\u0430","item":"https:\/\/alixavien.md\/ro\/"},{"@type":"ListItem","position":2,"name":"\u041a\u0430\u0442\u0430\u043b\u043e\u0433","item":"https:\/\/alixavien.md\/ro\/catalog\/"},{"@type":"ListItem","position":3,"name":"SMALL BLENDING BRUSH 204-17628"}]},{"@type":"WebSite","@id":"https:\/\/alixavien.md\/ro\/#website","url":"https:\/\/alixavien.md\/ro\/","name":"Alix Avien Cosmetic - Paris","description":"","potentialAction":[{"@type":"SearchAction","target":{"@type":"EntryPoint","urlTemplate":"https:\/\/alixavien.md\/ro\/?s={search_term_string}"},"query-input":{"@type":"PropertyValueSpecification","valueRequired":true,"valueName":"search_term_string"}}],"inLanguage":"ro-RO"}]}},"_links":{"self":[{"href":"https:\/\/alixavien.md\/ro\/wp-json\/wp\/v2\/product\/29950","targetHints":{"allow":["GET"]}}],"collection":[{"href":"https:\/\/alixavien.md\/ro\/wp-json\/wp\/v2\/product"}],"about":[{"href":"https:\/\/alixavien.md\/ro\/wp-json\/wp\/v2\/types\/product"}],"version-history":[{"count":3,"href":"https:\/\/alixavien.md\/ro\/wp-json\/wp\/v2\/product\/29950\/revisions"}],"predecessor-version":[{"id":33999,"href":"https:\/\/alixavien.md\/ro\/wp-json\/wp\/v2\/product\/29950\/revisions\/33999"}],"wp:featuredmedia":[{"embeddable":true,"href":"https:\/\/alixavien.md\/ro\/wp-json\/wp\/v2\/media\/33998"}],"wp:attachment":[{"href":"https:\/\/alixavien.md\/ro\/wp-json\/wp\/v2\/media?parent=29950"}],"wp:term":[{"taxonomy":"product_brand","embeddable":true,"href":"https:\/\/alixavien.md\/ro\/wp-json\/wp\/v2\/product_brand?post=29950"},{"taxonomy":"product_cat","embeddable":true,"href":"https:\/\/alixavien.md\/ro\/wp-json\/wp\/v2\/product_cat?post=29950"},{"taxonomy":"product_tag","embeddable":true,"href":"https:\/\/alixavien.md\/ro\/wp-json\/wp\/v2\/product_tag?post=29950"}],"curies":[{"name":"wp","href":"https:\/\/api.w.org\/{rel}","templated":true}]}}