{"id":29913,"date":"2025-02-06T18:08:18","date_gmt":"2025-02-06T18:08:18","guid":{"rendered":"https:\/\/alixavien.md\/?post_type=product&#038;p=29913"},"modified":"2026-03-30T08:14:35","modified_gmt":"2026-03-30T08:14:35","slug":"make-up-brush-cleaning-spray","status":"publish","type":"product","link":"https:\/\/alixavien.md\/ro\/product\/make-up-brush-cleaning-spray\/","title":{"rendered":"Spray pentru cur\u0103\u021barea pensulelor de machiaj  04796"},"content":{"rendered":"","protected":false},"excerpt":{"rendered":"<p><strong>R\u0103m\u0103\u0219i\u021bele de produse cosmetice pe pensulele de machiaj pot cauza multe probleme ale pielii.<\/strong><\/p>\n<p>Pensulele murdare pentru machiaj pot duce la diverse probleme ale pielii. Nu este necesar s\u0103 cump\u0103ra\u021bi mereu seturi noi de pensule pentru a rezolva aceast\u0103 problem\u0103. Tot ce ave\u021bi nevoie este un produs profesional pentru cur\u0103\u021barea pensulelor de machiaj! <strong>Spray-ul pentru cur\u0103\u021barea pensulelor de machiaj Alix Avien Make-Up Brush Cleaning Spray<\/strong>, care elimin\u0103 bacteriile, praful, murd\u0103ria, sebumul \u0219i celulele moarte, va deveni un element esen\u021bial \u00een trusa de machiaj! Acest spray este conceput pentru a \u00eendep\u0103rta r\u0103m\u0103\u0219i\u021bele de machiaj, cur\u0103\u021b\u00e2nd ad\u00e2nc perii \u0219i f\u0103c\u00e2ndu-i moi \u0219i str\u0103lucitori.<\/p>\n<p>Datorit\u0103 formulei sale eficiente, cur\u0103\u021b\u0103 delicat periile at\u00e2t ale pensulelor naturale, c\u00e2t \u0219i ale celor sintetice. Ofer\u0103 o solu\u021bie rapid\u0103 \u0219i constant\u0103 pentru cur\u0103\u021bare, f\u0103r\u0103 a necesita etape \u00eendelungate de sp\u0103lare cu ap\u0103 \u0219i s\u0103pun. Forma spray-ului face cur\u0103\u021barea pensulelor foarte rapid\u0103, p\u0103trunz\u00e2nd nu doar \u00een v\u00e2rfurile periilor, ci \u0219i \u00een interiorul acestora. Pielea r\u0103m\u00e2ne \u00een siguran\u021b\u0103 datorit\u0103 spray-ului de cur\u0103\u021bare Alix Avien.<\/p>\n","protected":false},"featured_media":29914,"template":"","meta":[],"product_brand":[],"product_cat":[284,286],"product_tag":[],"class_list":{"0":"post-29913","1":"product","2":"type-product","3":"status-publish","4":"has-post-thumbnail","6":"product_cat-accessory","7":"product_cat-spray-accessories","9":"first","10":"instock","11":"shipping-taxable","12":"purchasable","13":"product-type-simple"},"yoast_head":"<!-- This site is optimized with the Yoast SEO plugin v27.6 - https:\/\/yoast.com\/product\/yoast-seo-wordpress\/ -->\n<title>Spray pentru cur\u0103\u021barea pensulelor de machiaj 04796 - Alix Avien Cosmetic - Paris<\/title>\n<meta name=\"robots\" content=\"index, follow, max-snippet:-1, max-image-preview:large, max-video-preview:-1\" \/>\n<link rel=\"canonical\" href=\"https:\/\/alixavien.md\/ro\/product\/make-up-brush-cleaning-spray\/\" \/>\n<meta property=\"og:locale\" content=\"ro_RO\" \/>\n<meta property=\"og:type\" content=\"article\" \/>\n<meta property=\"og:title\" content=\"Spray pentru cur\u0103\u021barea pensulelor de machiaj 04796 - Alix Avien Cosmetic - Paris\" \/>\n<meta property=\"og:description\" content=\"R\u0103m\u0103\u0219i\u021bele de produse cosmetice pe pensulele de machiaj pot cauza multe probleme ale pielii.  Pensulele murdare pentru machiaj pot duce la diverse probleme ale pielii. Nu este necesar s\u0103 cump\u0103ra\u021bi mereu seturi noi de pensule pentru a rezolva aceast\u0103 problem\u0103. Tot ce ave\u021bi nevoie este un produs profesional pentru cur\u0103\u021barea pensulelor de machiaj! Spray-ul pentru cur\u0103\u021barea pensulelor de machiaj Alix Avien Make-Up Brush Cleaning Spray, care elimin\u0103 bacteriile, praful, murd\u0103ria, sebumul \u0219i celulele moarte, va deveni un element esen\u021bial \u00een trusa de machiaj! Acest spray este conceput pentru a \u00eendep\u0103rta r\u0103m\u0103\u0219i\u021bele de machiaj, cur\u0103\u021b\u00e2nd ad\u00e2nc perii \u0219i f\u0103c\u00e2ndu-i moi \u0219i str\u0103lucitori.  Datorit\u0103 formulei sale eficiente, cur\u0103\u021b\u0103 delicat periile at\u00e2t ale pensulelor naturale, c\u00e2t \u0219i ale celor sintetice. Ofer\u0103 o solu\u021bie rapid\u0103 \u0219i constant\u0103 pentru cur\u0103\u021bare, f\u0103r\u0103 a necesita etape \u00eendelungate de sp\u0103lare cu ap\u0103 \u0219i s\u0103pun. Forma spray-ului face cur\u0103\u021barea pensulelor foarte rapid\u0103, p\u0103trunz\u00e2nd nu doar \u00een v\u00e2rfurile periilor, ci \u0219i \u00een interiorul acestora. Pielea r\u0103m\u00e2ne \u00een siguran\u021b\u0103 datorit\u0103 spray-ului de cur\u0103\u021bare Alix Avien.\" \/>\n<meta property=\"og:url\" content=\"https:\/\/alixavien.md\/ro\/product\/make-up-brush-cleaning-spray\/\" \/>\n<meta property=\"og:site_name\" content=\"Alix Avien Cosmetic - Paris\" \/>\n<meta property=\"article:modified_time\" content=\"2026-03-30T08:14:35+00:00\" \/>\n<meta property=\"og:image\" content=\"https:\/\/alixavien.md\/wp-content\/uploads\/2025\/02\/1-8.jpg\" \/>\n\t<meta property=\"og:image:width\" content=\"1000\" \/>\n\t<meta property=\"og:image:height\" content=\"1000\" \/>\n\t<meta property=\"og:image:type\" content=\"image\/jpeg\" \/>\n<meta name=\"twitter:card\" content=\"summary_large_image\" \/>\n<meta name=\"twitter:label1\" content=\"Timp estimat pentru citire\" \/>\n\t<meta name=\"twitter:data1\" content=\"1 minut\" \/>\n<script type=\"application\/ld+json\" class=\"yoast-schema-graph\">{\"@context\":\"https:\\\/\\\/schema.org\",\"@graph\":[{\"@type\":\"WebPage\",\"@id\":\"https:\\\/\\\/alixavien.md\\\/ro\\\/product\\\/make-up-brush-cleaning-spray\\\/\",\"url\":\"https:\\\/\\\/alixavien.md\\\/ro\\\/product\\\/make-up-brush-cleaning-spray\\\/\",\"name\":\"Spray pentru cur\u0103\u021barea pensulelor de machiaj 04796 - Alix Avien Cosmetic - Paris\",\"isPartOf\":{\"@id\":\"https:\\\/\\\/alixavien.md\\\/ro\\\/#website\"},\"primaryImageOfPage\":{\"@id\":\"https:\\\/\\\/alixavien.md\\\/ro\\\/product\\\/make-up-brush-cleaning-spray\\\/#primaryimage\"},\"image\":{\"@id\":\"https:\\\/\\\/alixavien.md\\\/product\\\/make-up-brush-cleaning-spray\\\/#primaryimage\"},\"thumbnailUrl\":\"https:\\\/\\\/alixavien.md\\\/wp-content\\\/uploads\\\/2025\\\/02\\\/1-8.jpg\",\"datePublished\":\"2025-02-06T18:08:18+00:00\",\"dateModified\":\"2026-03-30T08:14:35+00:00\",\"breadcrumb\":{\"@id\":\"https:\\\/\\\/alixavien.md\\\/ro\\\/product\\\/make-up-brush-cleaning-spray\\\/#breadcrumb\"},\"inLanguage\":\"ro-RO\",\"potentialAction\":[{\"@type\":\"ReadAction\",\"target\":[[\"https:\\\/\\\/alixavien.md\\\/ro\\\/product\\\/make-up-brush-cleaning-spray\\\/\"]]}]},{\"@type\":\"ImageObject\",\"inLanguage\":\"ro-RO\",\"@id\":\"https:\\\/\\\/alixavien.md\\\/ro\\\/product\\\/make-up-brush-cleaning-spray\\\/#primaryimage\",\"url\":\"https:\\\/\\\/alixavien.md\\\/wp-content\\\/uploads\\\/2025\\\/02\\\/1-8.jpg\",\"contentUrl\":\"https:\\\/\\\/alixavien.md\\\/wp-content\\\/uploads\\\/2025\\\/02\\\/1-8.jpg\",\"width\":1000,\"height\":1000},{\"@type\":\"BreadcrumbList\",\"@id\":\"https:\\\/\\\/alixavien.md\\\/ro\\\/product\\\/make-up-brush-cleaning-spray\\\/#breadcrumb\",\"itemListElement\":[{\"@type\":\"ListItem\",\"position\":1,\"name\":\"\u0413\u043b\u0430\u0432\u043d\u0430\u044f \u0441\u0442\u0440\u0430\u043d\u0438\u0446\u0430\",\"item\":\"https:\\\/\\\/alixavien.md\\\/ro\\\/\"},{\"@type\":\"ListItem\",\"position\":2,\"name\":\"\u041a\u0430\u0442\u0430\u043b\u043e\u0433\",\"item\":\"https:\\\/\\\/alixavien.md\\\/ro\\\/catalog\\\/\"},{\"@type\":\"ListItem\",\"position\":3,\"name\":\"\u0421\u043f\u0440\u0435\u0439 \u0434\u043b\u044f \u043e\u0447\u0438\u0441\u0442\u043a\u0438 \u043a\u0438\u0441\u0442\u0435\u0439 \u0434\u043b\u044f \u043c\u0430\u043a\u0438\u044f\u0436\u0430 04796\"}]},{\"@type\":\"WebSite\",\"@id\":\"https:\\\/\\\/alixavien.md\\\/ro\\\/#website\",\"url\":\"https:\\\/\\\/alixavien.md\\\/ro\\\/\",\"name\":\"Alix Avien Cosmetic - Paris\",\"description\":\"\",\"potentialAction\":[{\"@type\":\"SearchAction\",\"target\":{\"@type\":\"EntryPoint\",\"urlTemplate\":\"https:\\\/\\\/alixavien.md\\\/ro\\\/?s={search_term_string}\"},\"query-input\":{\"@type\":\"PropertyValueSpecification\",\"valueRequired\":true,\"valueName\":\"search_term_string\"}}],\"inLanguage\":\"ro-RO\"}]}<\/script>\n<!-- \/ Yoast SEO plugin. -->","yoast_head_json":{"title":"Spray pentru cur\u0103\u021barea pensulelor de machiaj 04796 - Alix Avien Cosmetic - Paris","robots":{"index":"index","follow":"follow","max-snippet":"max-snippet:-1","max-image-preview":"max-image-preview:large","max-video-preview":"max-video-preview:-1"},"canonical":"https:\/\/alixavien.md\/ro\/product\/make-up-brush-cleaning-spray\/","og_locale":"ro_RO","og_type":"article","og_title":"Spray pentru cur\u0103\u021barea pensulelor de machiaj 04796 - Alix Avien Cosmetic - Paris","og_description":"R\u0103m\u0103\u0219i\u021bele de produse cosmetice pe pensulele de machiaj pot cauza multe probleme ale pielii.  Pensulele murdare pentru machiaj pot duce la diverse probleme ale pielii. Nu este necesar s\u0103 cump\u0103ra\u021bi mereu seturi noi de pensule pentru a rezolva aceast\u0103 problem\u0103. Tot ce ave\u021bi nevoie este un produs profesional pentru cur\u0103\u021barea pensulelor de machiaj! Spray-ul pentru cur\u0103\u021barea pensulelor de machiaj Alix Avien Make-Up Brush Cleaning Spray, care elimin\u0103 bacteriile, praful, murd\u0103ria, sebumul \u0219i celulele moarte, va deveni un element esen\u021bial \u00een trusa de machiaj! Acest spray este conceput pentru a \u00eendep\u0103rta r\u0103m\u0103\u0219i\u021bele de machiaj, cur\u0103\u021b\u00e2nd ad\u00e2nc perii \u0219i f\u0103c\u00e2ndu-i moi \u0219i str\u0103lucitori.  Datorit\u0103 formulei sale eficiente, cur\u0103\u021b\u0103 delicat periile at\u00e2t ale pensulelor naturale, c\u00e2t \u0219i ale celor sintetice. Ofer\u0103 o solu\u021bie rapid\u0103 \u0219i constant\u0103 pentru cur\u0103\u021bare, f\u0103r\u0103 a necesita etape \u00eendelungate de sp\u0103lare cu ap\u0103 \u0219i s\u0103pun. Forma spray-ului face cur\u0103\u021barea pensulelor foarte rapid\u0103, p\u0103trunz\u00e2nd nu doar \u00een v\u00e2rfurile periilor, ci \u0219i \u00een interiorul acestora. Pielea r\u0103m\u00e2ne \u00een siguran\u021b\u0103 datorit\u0103 spray-ului de cur\u0103\u021bare Alix Avien.","og_url":"https:\/\/alixavien.md\/ro\/product\/make-up-brush-cleaning-spray\/","og_site_name":"Alix Avien Cosmetic - Paris","article_modified_time":"2026-03-30T08:14:35+00:00","og_image":[{"width":1000,"height":1000,"url":"https:\/\/alixavien.md\/wp-content\/uploads\/2025\/02\/1-8.jpg","type":"image\/jpeg"}],"twitter_card":"summary_large_image","twitter_misc":{"Timp estimat pentru citire":"1 minut"},"schema":{"@context":"https:\/\/schema.org","@graph":[{"@type":"WebPage","@id":"https:\/\/alixavien.md\/ro\/product\/make-up-brush-cleaning-spray\/","url":"https:\/\/alixavien.md\/ro\/product\/make-up-brush-cleaning-spray\/","name":"Spray pentru cur\u0103\u021barea pensulelor de machiaj 04796 - Alix Avien Cosmetic - Paris","isPartOf":{"@id":"https:\/\/alixavien.md\/ro\/#website"},"primaryImageOfPage":{"@id":"https:\/\/alixavien.md\/ro\/product\/make-up-brush-cleaning-spray\/#primaryimage"},"image":{"@id":"https:\/\/alixavien.md\/product\/make-up-brush-cleaning-spray\/#primaryimage"},"thumbnailUrl":"https:\/\/alixavien.md\/wp-content\/uploads\/2025\/02\/1-8.jpg","datePublished":"2025-02-06T18:08:18+00:00","dateModified":"2026-03-30T08:14:35+00:00","breadcrumb":{"@id":"https:\/\/alixavien.md\/ro\/product\/make-up-brush-cleaning-spray\/#breadcrumb"},"inLanguage":"ro-RO","potentialAction":[{"@type":"ReadAction","target":[["https:\/\/alixavien.md\/ro\/product\/make-up-brush-cleaning-spray\/"]]}]},{"@type":"ImageObject","inLanguage":"ro-RO","@id":"https:\/\/alixavien.md\/ro\/product\/make-up-brush-cleaning-spray\/#primaryimage","url":"https:\/\/alixavien.md\/wp-content\/uploads\/2025\/02\/1-8.jpg","contentUrl":"https:\/\/alixavien.md\/wp-content\/uploads\/2025\/02\/1-8.jpg","width":1000,"height":1000},{"@type":"BreadcrumbList","@id":"https:\/\/alixavien.md\/ro\/product\/make-up-brush-cleaning-spray\/#breadcrumb","itemListElement":[{"@type":"ListItem","position":1,"name":"\u0413\u043b\u0430\u0432\u043d\u0430\u044f \u0441\u0442\u0440\u0430\u043d\u0438\u0446\u0430","item":"https:\/\/alixavien.md\/ro\/"},{"@type":"ListItem","position":2,"name":"\u041a\u0430\u0442\u0430\u043b\u043e\u0433","item":"https:\/\/alixavien.md\/ro\/catalog\/"},{"@type":"ListItem","position":3,"name":"\u0421\u043f\u0440\u0435\u0439 \u0434\u043b\u044f \u043e\u0447\u0438\u0441\u0442\u043a\u0438 \u043a\u0438\u0441\u0442\u0435\u0439 \u0434\u043b\u044f \u043c\u0430\u043a\u0438\u044f\u0436\u0430 04796"}]},{"@type":"WebSite","@id":"https:\/\/alixavien.md\/ro\/#website","url":"https:\/\/alixavien.md\/ro\/","name":"Alix Avien Cosmetic - Paris","description":"","potentialAction":[{"@type":"SearchAction","target":{"@type":"EntryPoint","urlTemplate":"https:\/\/alixavien.md\/ro\/?s={search_term_string}"},"query-input":{"@type":"PropertyValueSpecification","valueRequired":true,"valueName":"search_term_string"}}],"inLanguage":"ro-RO"}]}},"_links":{"self":[{"href":"https:\/\/alixavien.md\/ro\/wp-json\/wp\/v2\/product\/29913","targetHints":{"allow":["GET"]}}],"collection":[{"href":"https:\/\/alixavien.md\/ro\/wp-json\/wp\/v2\/product"}],"about":[{"href":"https:\/\/alixavien.md\/ro\/wp-json\/wp\/v2\/types\/product"}],"version-history":[{"count":3,"href":"https:\/\/alixavien.md\/ro\/wp-json\/wp\/v2\/product\/29913\/revisions"}],"predecessor-version":[{"id":33876,"href":"https:\/\/alixavien.md\/ro\/wp-json\/wp\/v2\/product\/29913\/revisions\/33876"}],"wp:featuredmedia":[{"embeddable":true,"href":"https:\/\/alixavien.md\/ro\/wp-json\/wp\/v2\/media\/29914"}],"wp:attachment":[{"href":"https:\/\/alixavien.md\/ro\/wp-json\/wp\/v2\/media?parent=29913"}],"wp:term":[{"taxonomy":"product_brand","embeddable":true,"href":"https:\/\/alixavien.md\/ro\/wp-json\/wp\/v2\/product_brand?post=29913"},{"taxonomy":"product_cat","embeddable":true,"href":"https:\/\/alixavien.md\/ro\/wp-json\/wp\/v2\/product_cat?post=29913"},{"taxonomy":"product_tag","embeddable":true,"href":"https:\/\/alixavien.md\/ro\/wp-json\/wp\/v2\/product_tag?post=29913"}],"curies":[{"name":"wp","href":"https:\/\/api.w.org\/{rel}","templated":true}]}}