{"id":29805,"date":"2025-02-06T14:51:25","date_gmt":"2025-02-06T14:51:25","guid":{"rendered":"https:\/\/alixavien.md\/?post_type=product&#038;p=29805"},"modified":"2025-03-04T15:19:18","modified_gmt":"2025-03-04T15:19:18","slug":"all-over-make-up-remover","status":"publish","type":"product","link":"https:\/\/alixavien.md\/ro\/product\/all-over-make-up-remover\/","title":{"rendered":"All Over Make-Up Remover  23329"},"content":{"rendered":"","protected":false},"excerpt":{"rendered":"<p>Bucura\u021bi-v\u0103 de o comoditate de neegalat cu \u0219erve\u021belele noastre demachiante, disponibile acum \u00eentr-un pachet de 30 de conturi. Aceste servetele sunt ideale pentru zilele aglomerate, indepartand eficient machiajul de pe fata, ochi si buze.<\/p>\n<p>Formula bl\u00e2nd\u0103, realizat\u0103 din ingrediente naturale 80%, cur\u0103\u021b\u0103 pielea de murd\u0103rie, impurit\u0103\u021bi \u0219i machiaj rezistent la ap\u0103 f\u0103r\u0103 a provoca irita\u021bii \u0219i las\u0103 pielea \u00eemprosp\u0103tat\u0103 \u00eentr-un singur pas. Pe langa curatare, aceste servetele iti hranesc pielea. \u00cembog\u0103\u021bite cu squalen natural \u0219i glicerin\u0103, hidrateaz\u0103 \u0219i catifeleaz\u0103 pielea, promov\u00e2nd aspectul s\u0103u tineresc.<\/p>\n<p>Hydrosella\u2122\ufe0f asigur\u0103 o hidratare de lung\u0103 durat\u0103 p\u00e2n\u0103 la 72 de ore, \u00eembun\u0103t\u0103\u021bind s\u0103n\u0103tatea \u0219i elasticitatea pielii. \u00cembun\u0103t\u0103\u021be\u0219te-\u021bi str\u0103lucirea \u0219i tonusul pielii cu ulei de s\u00e2mburi de caise, bogat \u00een vitaminele E \u0219i A. Acest ulei protejeaz\u0103 \u00eempotriva daunelor mediului, reduce liniile fine \u0219i \u00ee\u021bi \u00eembun\u0103t\u0103\u021be\u0219te tenul. Aceste \u0219erve\u021bele biodegradabile sunt ambalate convenabil \u0219i perfecte pentru c\u0103l\u0103torii, p\u0103str\u00e2nd pielea str\u0103lucitoare \u0219i s\u0103n\u0103toas\u0103 \u00een deplasare.<\/p>\n<p>Potrivit pentru toate tipurile de piele.<br \/>\nNu contine parabeni si gluten.<br \/>\nFormula rezistenta la apa.<br \/>\nHipoalergenic.<br \/>\nTestat dermatologic si oftalmologic.<\/p>\n","protected":false},"featured_media":29807,"template":"","meta":[],"product_brand":[],"product_cat":[283],"product_tag":[],"class_list":{"0":"post-29805","1":"product","2":"type-product","3":"status-publish","4":"has-post-thumbnail","6":"product_cat-remover","8":"first","9":"instock","10":"shipping-taxable","11":"purchasable","12":"product-type-simple"},"yoast_head":"<!-- This site is optimized with the Yoast SEO plugin v27.6 - https:\/\/yoast.com\/product\/yoast-seo-wordpress\/ -->\n<title>All Over Make-Up Remover 23329 - Alix Avien Cosmetic - Paris<\/title>\n<meta name=\"robots\" content=\"index, follow, max-snippet:-1, max-image-preview:large, max-video-preview:-1\" \/>\n<link rel=\"canonical\" href=\"https:\/\/alixavien.md\/ro\/product\/all-over-make-up-remover\/\" \/>\n<meta property=\"og:locale\" content=\"ro_RO\" \/>\n<meta property=\"og:type\" content=\"article\" \/>\n<meta property=\"og:title\" content=\"All Over Make-Up Remover 23329 - Alix Avien Cosmetic - Paris\" \/>\n<meta property=\"og:description\" content=\"Bucura\u021bi-v\u0103 de o comoditate de neegalat cu \u0219erve\u021belele noastre demachiante, disponibile acum \u00eentr-un pachet de 30 de conturi. Aceste servetele sunt ideale pentru zilele aglomerate, indepartand eficient machiajul de pe fata, ochi si buze.  Formula bl\u00e2nd\u0103, realizat\u0103 din ingrediente naturale 80%, cur\u0103\u021b\u0103 pielea de murd\u0103rie, impurit\u0103\u021bi \u0219i machiaj rezistent la ap\u0103 f\u0103r\u0103 a provoca irita\u021bii \u0219i las\u0103 pielea \u00eemprosp\u0103tat\u0103 \u00eentr-un singur pas. Pe langa curatare, aceste servetele iti hranesc pielea. \u00cembog\u0103\u021bite cu squalen natural \u0219i glicerin\u0103, hidrateaz\u0103 \u0219i catifeleaz\u0103 pielea, promov\u00e2nd aspectul s\u0103u tineresc.  Hydrosella\u2122\ufe0f asigur\u0103 o hidratare de lung\u0103 durat\u0103 p\u00e2n\u0103 la 72 de ore, \u00eembun\u0103t\u0103\u021bind s\u0103n\u0103tatea \u0219i elasticitatea pielii. \u00cembun\u0103t\u0103\u021be\u0219te-\u021bi str\u0103lucirea \u0219i tonusul pielii cu ulei de s\u00e2mburi de caise, bogat \u00een vitaminele E \u0219i A. Acest ulei protejeaz\u0103 \u00eempotriva daunelor mediului, reduce liniile fine \u0219i \u00ee\u021bi \u00eembun\u0103t\u0103\u021be\u0219te tenul. Aceste \u0219erve\u021bele biodegradabile sunt ambalate convenabil \u0219i perfecte pentru c\u0103l\u0103torii, p\u0103str\u00e2nd pielea str\u0103lucitoare \u0219i s\u0103n\u0103toas\u0103 \u00een deplasare.  Potrivit pentru toate tipurile de piele. Nu contine parabeni si gluten. Formula rezistenta la apa. Hipoalergenic. Testat dermatologic si oftalmologic.\" \/>\n<meta property=\"og:url\" content=\"https:\/\/alixavien.md\/ro\/product\/all-over-make-up-remover\/\" \/>\n<meta property=\"og:site_name\" content=\"Alix Avien Cosmetic - Paris\" \/>\n<meta property=\"article:modified_time\" content=\"2025-03-04T15:19:18+00:00\" \/>\n<meta property=\"og:image\" content=\"https:\/\/alixavien.md\/wp-content\/uploads\/2025\/02\/All-Over-Make-Up-30-Remover-min.jpg\" \/>\n\t<meta property=\"og:image:width\" content=\"1000\" \/>\n\t<meta property=\"og:image:height\" content=\"1000\" \/>\n\t<meta property=\"og:image:type\" content=\"image\/jpeg\" \/>\n<meta name=\"twitter:card\" content=\"summary_large_image\" \/>\n<meta name=\"twitter:label1\" content=\"Timp estimat pentru citire\" \/>\n\t<meta name=\"twitter:data1\" content=\"1 minut\" \/>\n<script type=\"application\/ld+json\" class=\"yoast-schema-graph\">{\"@context\":\"https:\\\/\\\/schema.org\",\"@graph\":[{\"@type\":\"WebPage\",\"@id\":\"https:\\\/\\\/alixavien.md\\\/ro\\\/product\\\/all-over-make-up-remover\\\/\",\"url\":\"https:\\\/\\\/alixavien.md\\\/ro\\\/product\\\/all-over-make-up-remover\\\/\",\"name\":\"All Over Make-Up Remover 23329 - Alix Avien Cosmetic - Paris\",\"isPartOf\":{\"@id\":\"https:\\\/\\\/alixavien.md\\\/ro\\\/#website\"},\"primaryImageOfPage\":{\"@id\":\"https:\\\/\\\/alixavien.md\\\/ro\\\/product\\\/all-over-make-up-remover\\\/#primaryimage\"},\"image\":{\"@id\":\"https:\\\/\\\/alixavien.md\\\/product\\\/all-over-make-up-remover\\\/#primaryimage\"},\"thumbnailUrl\":\"https:\\\/\\\/alixavien.md\\\/wp-content\\\/uploads\\\/2025\\\/02\\\/All-Over-Make-Up-30-Remover-min.jpg\",\"datePublished\":\"2025-02-06T14:51:25+00:00\",\"dateModified\":\"2025-03-04T15:19:18+00:00\",\"breadcrumb\":{\"@id\":\"https:\\\/\\\/alixavien.md\\\/ro\\\/product\\\/all-over-make-up-remover\\\/#breadcrumb\"},\"inLanguage\":\"ro-RO\",\"potentialAction\":[{\"@type\":\"ReadAction\",\"target\":[[\"https:\\\/\\\/alixavien.md\\\/ro\\\/product\\\/all-over-make-up-remover\\\/\"]]}]},{\"@type\":\"ImageObject\",\"inLanguage\":\"ro-RO\",\"@id\":\"https:\\\/\\\/alixavien.md\\\/ro\\\/product\\\/all-over-make-up-remover\\\/#primaryimage\",\"url\":\"https:\\\/\\\/alixavien.md\\\/wp-content\\\/uploads\\\/2025\\\/02\\\/All-Over-Make-Up-30-Remover-min.jpg\",\"contentUrl\":\"https:\\\/\\\/alixavien.md\\\/wp-content\\\/uploads\\\/2025\\\/02\\\/All-Over-Make-Up-30-Remover-min.jpg\",\"width\":1000,\"height\":1000},{\"@type\":\"BreadcrumbList\",\"@id\":\"https:\\\/\\\/alixavien.md\\\/ro\\\/product\\\/all-over-make-up-remover\\\/#breadcrumb\",\"itemListElement\":[{\"@type\":\"ListItem\",\"position\":1,\"name\":\"\u0413\u043b\u0430\u0432\u043d\u0430\u044f \u0441\u0442\u0440\u0430\u043d\u0438\u0446\u0430\",\"item\":\"https:\\\/\\\/alixavien.md\\\/ro\\\/\"},{\"@type\":\"ListItem\",\"position\":2,\"name\":\"\u041a\u0430\u0442\u0430\u043b\u043e\u0433\",\"item\":\"https:\\\/\\\/alixavien.md\\\/ro\\\/catalog\\\/\"},{\"@type\":\"ListItem\",\"position\":3,\"name\":\"All Over Make-Up Remover 23329\"}]},{\"@type\":\"WebSite\",\"@id\":\"https:\\\/\\\/alixavien.md\\\/ro\\\/#website\",\"url\":\"https:\\\/\\\/alixavien.md\\\/ro\\\/\",\"name\":\"Alix Avien Cosmetic - Paris\",\"description\":\"\",\"potentialAction\":[{\"@type\":\"SearchAction\",\"target\":{\"@type\":\"EntryPoint\",\"urlTemplate\":\"https:\\\/\\\/alixavien.md\\\/ro\\\/?s={search_term_string}\"},\"query-input\":{\"@type\":\"PropertyValueSpecification\",\"valueRequired\":true,\"valueName\":\"search_term_string\"}}],\"inLanguage\":\"ro-RO\"}]}<\/script>\n<!-- \/ Yoast SEO plugin. -->","yoast_head_json":{"title":"All Over Make-Up Remover 23329 - Alix Avien Cosmetic - Paris","robots":{"index":"index","follow":"follow","max-snippet":"max-snippet:-1","max-image-preview":"max-image-preview:large","max-video-preview":"max-video-preview:-1"},"canonical":"https:\/\/alixavien.md\/ro\/product\/all-over-make-up-remover\/","og_locale":"ro_RO","og_type":"article","og_title":"All Over Make-Up Remover 23329 - Alix Avien Cosmetic - Paris","og_description":"Bucura\u021bi-v\u0103 de o comoditate de neegalat cu \u0219erve\u021belele noastre demachiante, disponibile acum \u00eentr-un pachet de 30 de conturi. Aceste servetele sunt ideale pentru zilele aglomerate, indepartand eficient machiajul de pe fata, ochi si buze.  Formula bl\u00e2nd\u0103, realizat\u0103 din ingrediente naturale 80%, cur\u0103\u021b\u0103 pielea de murd\u0103rie, impurit\u0103\u021bi \u0219i machiaj rezistent la ap\u0103 f\u0103r\u0103 a provoca irita\u021bii \u0219i las\u0103 pielea \u00eemprosp\u0103tat\u0103 \u00eentr-un singur pas. Pe langa curatare, aceste servetele iti hranesc pielea. \u00cembog\u0103\u021bite cu squalen natural \u0219i glicerin\u0103, hidrateaz\u0103 \u0219i catifeleaz\u0103 pielea, promov\u00e2nd aspectul s\u0103u tineresc.  Hydrosella\u2122\ufe0f asigur\u0103 o hidratare de lung\u0103 durat\u0103 p\u00e2n\u0103 la 72 de ore, \u00eembun\u0103t\u0103\u021bind s\u0103n\u0103tatea \u0219i elasticitatea pielii. \u00cembun\u0103t\u0103\u021be\u0219te-\u021bi str\u0103lucirea \u0219i tonusul pielii cu ulei de s\u00e2mburi de caise, bogat \u00een vitaminele E \u0219i A. Acest ulei protejeaz\u0103 \u00eempotriva daunelor mediului, reduce liniile fine \u0219i \u00ee\u021bi \u00eembun\u0103t\u0103\u021be\u0219te tenul. Aceste \u0219erve\u021bele biodegradabile sunt ambalate convenabil \u0219i perfecte pentru c\u0103l\u0103torii, p\u0103str\u00e2nd pielea str\u0103lucitoare \u0219i s\u0103n\u0103toas\u0103 \u00een deplasare.  Potrivit pentru toate tipurile de piele. Nu contine parabeni si gluten. Formula rezistenta la apa. Hipoalergenic. Testat dermatologic si oftalmologic.","og_url":"https:\/\/alixavien.md\/ro\/product\/all-over-make-up-remover\/","og_site_name":"Alix Avien Cosmetic - Paris","article_modified_time":"2025-03-04T15:19:18+00:00","og_image":[{"width":1000,"height":1000,"url":"https:\/\/alixavien.md\/wp-content\/uploads\/2025\/02\/All-Over-Make-Up-30-Remover-min.jpg","type":"image\/jpeg"}],"twitter_card":"summary_large_image","twitter_misc":{"Timp estimat pentru citire":"1 minut"},"schema":{"@context":"https:\/\/schema.org","@graph":[{"@type":"WebPage","@id":"https:\/\/alixavien.md\/ro\/product\/all-over-make-up-remover\/","url":"https:\/\/alixavien.md\/ro\/product\/all-over-make-up-remover\/","name":"All Over Make-Up Remover 23329 - Alix Avien Cosmetic - Paris","isPartOf":{"@id":"https:\/\/alixavien.md\/ro\/#website"},"primaryImageOfPage":{"@id":"https:\/\/alixavien.md\/ro\/product\/all-over-make-up-remover\/#primaryimage"},"image":{"@id":"https:\/\/alixavien.md\/product\/all-over-make-up-remover\/#primaryimage"},"thumbnailUrl":"https:\/\/alixavien.md\/wp-content\/uploads\/2025\/02\/All-Over-Make-Up-30-Remover-min.jpg","datePublished":"2025-02-06T14:51:25+00:00","dateModified":"2025-03-04T15:19:18+00:00","breadcrumb":{"@id":"https:\/\/alixavien.md\/ro\/product\/all-over-make-up-remover\/#breadcrumb"},"inLanguage":"ro-RO","potentialAction":[{"@type":"ReadAction","target":[["https:\/\/alixavien.md\/ro\/product\/all-over-make-up-remover\/"]]}]},{"@type":"ImageObject","inLanguage":"ro-RO","@id":"https:\/\/alixavien.md\/ro\/product\/all-over-make-up-remover\/#primaryimage","url":"https:\/\/alixavien.md\/wp-content\/uploads\/2025\/02\/All-Over-Make-Up-30-Remover-min.jpg","contentUrl":"https:\/\/alixavien.md\/wp-content\/uploads\/2025\/02\/All-Over-Make-Up-30-Remover-min.jpg","width":1000,"height":1000},{"@type":"BreadcrumbList","@id":"https:\/\/alixavien.md\/ro\/product\/all-over-make-up-remover\/#breadcrumb","itemListElement":[{"@type":"ListItem","position":1,"name":"\u0413\u043b\u0430\u0432\u043d\u0430\u044f \u0441\u0442\u0440\u0430\u043d\u0438\u0446\u0430","item":"https:\/\/alixavien.md\/ro\/"},{"@type":"ListItem","position":2,"name":"\u041a\u0430\u0442\u0430\u043b\u043e\u0433","item":"https:\/\/alixavien.md\/ro\/catalog\/"},{"@type":"ListItem","position":3,"name":"All Over Make-Up Remover 23329"}]},{"@type":"WebSite","@id":"https:\/\/alixavien.md\/ro\/#website","url":"https:\/\/alixavien.md\/ro\/","name":"Alix Avien Cosmetic - Paris","description":"","potentialAction":[{"@type":"SearchAction","target":{"@type":"EntryPoint","urlTemplate":"https:\/\/alixavien.md\/ro\/?s={search_term_string}"},"query-input":{"@type":"PropertyValueSpecification","valueRequired":true,"valueName":"search_term_string"}}],"inLanguage":"ro-RO"}]}},"_links":{"self":[{"href":"https:\/\/alixavien.md\/ro\/wp-json\/wp\/v2\/product\/29805","targetHints":{"allow":["GET"]}}],"collection":[{"href":"https:\/\/alixavien.md\/ro\/wp-json\/wp\/v2\/product"}],"about":[{"href":"https:\/\/alixavien.md\/ro\/wp-json\/wp\/v2\/types\/product"}],"version-history":[{"count":3,"href":"https:\/\/alixavien.md\/ro\/wp-json\/wp\/v2\/product\/29805\/revisions"}],"predecessor-version":[{"id":33952,"href":"https:\/\/alixavien.md\/ro\/wp-json\/wp\/v2\/product\/29805\/revisions\/33952"}],"wp:featuredmedia":[{"embeddable":true,"href":"https:\/\/alixavien.md\/ro\/wp-json\/wp\/v2\/media\/29807"}],"wp:attachment":[{"href":"https:\/\/alixavien.md\/ro\/wp-json\/wp\/v2\/media?parent=29805"}],"wp:term":[{"taxonomy":"product_brand","embeddable":true,"href":"https:\/\/alixavien.md\/ro\/wp-json\/wp\/v2\/product_brand?post=29805"},{"taxonomy":"product_cat","embeddable":true,"href":"https:\/\/alixavien.md\/ro\/wp-json\/wp\/v2\/product_cat?post=29805"},{"taxonomy":"product_tag","embeddable":true,"href":"https:\/\/alixavien.md\/ro\/wp-json\/wp\/v2\/product_tag?post=29805"}],"curies":[{"name":"wp","href":"https:\/\/api.w.org\/{rel}","templated":true}]}}