{"id":29800,"date":"2025-02-06T14:26:13","date_gmt":"2025-02-06T14:26:13","guid":{"rendered":"https:\/\/alixavien.md\/?post_type=product&#038;p=29800"},"modified":"2025-09-14T10:41:40","modified_gmt":"2025-09-14T10:41:40","slug":"shimmer-spray-for-body-sparkling-ivory","status":"publish","type":"product","link":"https:\/\/alixavien.md\/ro\/product\/shimmer-spray-for-body-sparkling-ivory\/","title":{"rendered":"Shimmer Spray For Body \u2013 Sparkling Ivory 23810"},"content":{"rendered":"","protected":false},"excerpt":{"rendered":"<p><strong>Shimmer Spray for Body \u2013 Spray pentru corp cu efect de str\u0103lucire<\/strong><\/p>\n<p>Descoperi\u021bi str\u0103lucirea luxoas\u0103 cu Shimmer Spray for Body! Acest spray cu textur\u0103 perlat\u0103 lumineaz\u0103 pielea, oferindu-i o nuan\u021b\u0103 bronzat\u0103 aurie, f\u0103r\u0103 a necesita expunere la soare. Este ideal pentru aplicarea pe picioare \u0219i corp, ad\u0103ug\u00e2nd un luciu subtil \u0219i deosebit. Formula care se absoarbe rapid ajut\u0103 la men\u021binerea hidrat\u0103rii pielii, l\u0103s\u00e2nd un parfum fin \u0219i pl\u0103cut care v\u0103 va \u00eenso\u021bi pe parcursul \u00eentregii zile.<\/p>\n<p>F\u0103r\u0103 parabeni.<br \/>\nTestat dermatologic.<\/p>\n","protected":false},"featured_media":29801,"template":"","meta":[],"product_brand":[],"product_cat":[282],"product_tag":[],"class_list":{"0":"post-29800","1":"product","2":"type-product","3":"status-publish","4":"has-post-thumbnail","6":"product_cat-spray","8":"first","9":"instock","10":"featured","11":"shipping-taxable","12":"purchasable","13":"product-type-simple"},"yoast_head":"<!-- This site is optimized with the Yoast SEO plugin v27.6 - https:\/\/yoast.com\/product\/yoast-seo-wordpress\/ -->\n<title>Shimmer Spray For Body \u2013 Sparkling Ivory 23810 - Alix Avien Cosmetic - Paris<\/title>\n<meta name=\"robots\" content=\"index, follow, max-snippet:-1, max-image-preview:large, max-video-preview:-1\" \/>\n<link rel=\"canonical\" href=\"https:\/\/alixavien.md\/ro\/product\/shimmer-spray-for-body-sparkling-ivory\/\" \/>\n<meta property=\"og:locale\" content=\"ro_RO\" \/>\n<meta property=\"og:type\" content=\"article\" \/>\n<meta property=\"og:title\" content=\"Shimmer Spray For Body \u2013 Sparkling Ivory 23810 - Alix Avien Cosmetic - Paris\" \/>\n<meta property=\"og:description\" content=\"Shimmer Spray for Body \u2013 Spray pentru corp cu efect de str\u0103lucire  Descoperi\u021bi str\u0103lucirea luxoas\u0103 cu Shimmer Spray for Body! Acest spray cu textur\u0103 perlat\u0103 lumineaz\u0103 pielea, oferindu-i o nuan\u021b\u0103 bronzat\u0103 aurie, f\u0103r\u0103 a necesita expunere la soare. Este ideal pentru aplicarea pe picioare \u0219i corp, ad\u0103ug\u00e2nd un luciu subtil \u0219i deosebit. Formula care se absoarbe rapid ajut\u0103 la men\u021binerea hidrat\u0103rii pielii, l\u0103s\u00e2nd un parfum fin \u0219i pl\u0103cut care v\u0103 va \u00eenso\u021bi pe parcursul \u00eentregii zile.  F\u0103r\u0103 parabeni. Testat dermatologic.\" \/>\n<meta property=\"og:url\" content=\"https:\/\/alixavien.md\/ro\/product\/shimmer-spray-for-body-sparkling-ivory\/\" \/>\n<meta property=\"og:site_name\" content=\"Alix Avien Cosmetic - Paris\" \/>\n<meta property=\"article:modified_time\" content=\"2025-09-14T10:41:40+00:00\" \/>\n<meta property=\"og:image\" content=\"https:\/\/alixavien.md\/wp-content\/uploads\/2025\/02\/Shimmer-Spray-For-Body-Sparkling-Ivory-min.jpg\" \/>\n\t<meta property=\"og:image:width\" content=\"1000\" \/>\n\t<meta property=\"og:image:height\" content=\"1000\" \/>\n\t<meta property=\"og:image:type\" content=\"image\/jpeg\" \/>\n<meta name=\"twitter:card\" content=\"summary_large_image\" \/>\n<meta name=\"twitter:label1\" content=\"Timp estimat pentru citire\" \/>\n\t<meta name=\"twitter:data1\" content=\"1 minut\" \/>\n<script type=\"application\/ld+json\" class=\"yoast-schema-graph\">{\"@context\":\"https:\\\/\\\/schema.org\",\"@graph\":[{\"@type\":\"WebPage\",\"@id\":\"https:\\\/\\\/alixavien.md\\\/ro\\\/product\\\/shimmer-spray-for-body-sparkling-ivory\\\/\",\"url\":\"https:\\\/\\\/alixavien.md\\\/ro\\\/product\\\/shimmer-spray-for-body-sparkling-ivory\\\/\",\"name\":\"Shimmer Spray For Body \u2013 Sparkling Ivory 23810 - Alix Avien Cosmetic - Paris\",\"isPartOf\":{\"@id\":\"https:\\\/\\\/alixavien.md\\\/ro\\\/#website\"},\"primaryImageOfPage\":{\"@id\":\"https:\\\/\\\/alixavien.md\\\/ro\\\/product\\\/shimmer-spray-for-body-sparkling-ivory\\\/#primaryimage\"},\"image\":{\"@id\":\"https:\\\/\\\/alixavien.md\\\/product\\\/shimmer-spray-for-body-sparkling-ivory\\\/#primaryimage\"},\"thumbnailUrl\":\"https:\\\/\\\/alixavien.md\\\/wp-content\\\/uploads\\\/2025\\\/02\\\/Shimmer-Spray-For-Body-Sparkling-Ivory-min.jpg\",\"datePublished\":\"2025-02-06T14:26:13+00:00\",\"dateModified\":\"2025-09-14T10:41:40+00:00\",\"breadcrumb\":{\"@id\":\"https:\\\/\\\/alixavien.md\\\/ro\\\/product\\\/shimmer-spray-for-body-sparkling-ivory\\\/#breadcrumb\"},\"inLanguage\":\"ro-RO\",\"potentialAction\":[{\"@type\":\"ReadAction\",\"target\":[[\"https:\\\/\\\/alixavien.md\\\/ro\\\/product\\\/shimmer-spray-for-body-sparkling-ivory\\\/\"]]}]},{\"@type\":\"ImageObject\",\"inLanguage\":\"ro-RO\",\"@id\":\"https:\\\/\\\/alixavien.md\\\/ro\\\/product\\\/shimmer-spray-for-body-sparkling-ivory\\\/#primaryimage\",\"url\":\"https:\\\/\\\/alixavien.md\\\/wp-content\\\/uploads\\\/2025\\\/02\\\/Shimmer-Spray-For-Body-Sparkling-Ivory-min.jpg\",\"contentUrl\":\"https:\\\/\\\/alixavien.md\\\/wp-content\\\/uploads\\\/2025\\\/02\\\/Shimmer-Spray-For-Body-Sparkling-Ivory-min.jpg\",\"width\":1000,\"height\":1000},{\"@type\":\"BreadcrumbList\",\"@id\":\"https:\\\/\\\/alixavien.md\\\/ro\\\/product\\\/shimmer-spray-for-body-sparkling-ivory\\\/#breadcrumb\",\"itemListElement\":[{\"@type\":\"ListItem\",\"position\":1,\"name\":\"\u0413\u043b\u0430\u0432\u043d\u0430\u044f \u0441\u0442\u0440\u0430\u043d\u0438\u0446\u0430\",\"item\":\"https:\\\/\\\/alixavien.md\\\/ro\\\/\"},{\"@type\":\"ListItem\",\"position\":2,\"name\":\"\u041a\u0430\u0442\u0430\u043b\u043e\u0433\",\"item\":\"https:\\\/\\\/alixavien.md\\\/ro\\\/catalog\\\/\"},{\"@type\":\"ListItem\",\"position\":3,\"name\":\"Shimmer Spray For Body \u2013 Sparkling Ivory 23810\"}]},{\"@type\":\"WebSite\",\"@id\":\"https:\\\/\\\/alixavien.md\\\/ro\\\/#website\",\"url\":\"https:\\\/\\\/alixavien.md\\\/ro\\\/\",\"name\":\"Alix Avien Cosmetic - Paris\",\"description\":\"\",\"potentialAction\":[{\"@type\":\"SearchAction\",\"target\":{\"@type\":\"EntryPoint\",\"urlTemplate\":\"https:\\\/\\\/alixavien.md\\\/ro\\\/?s={search_term_string}\"},\"query-input\":{\"@type\":\"PropertyValueSpecification\",\"valueRequired\":true,\"valueName\":\"search_term_string\"}}],\"inLanguage\":\"ro-RO\"}]}<\/script>\n<!-- \/ Yoast SEO plugin. -->","yoast_head_json":{"title":"Shimmer Spray For Body \u2013 Sparkling Ivory 23810 - Alix Avien Cosmetic - Paris","robots":{"index":"index","follow":"follow","max-snippet":"max-snippet:-1","max-image-preview":"max-image-preview:large","max-video-preview":"max-video-preview:-1"},"canonical":"https:\/\/alixavien.md\/ro\/product\/shimmer-spray-for-body-sparkling-ivory\/","og_locale":"ro_RO","og_type":"article","og_title":"Shimmer Spray For Body \u2013 Sparkling Ivory 23810 - Alix Avien Cosmetic - Paris","og_description":"Shimmer Spray for Body \u2013 Spray pentru corp cu efect de str\u0103lucire  Descoperi\u021bi str\u0103lucirea luxoas\u0103 cu Shimmer Spray for Body! Acest spray cu textur\u0103 perlat\u0103 lumineaz\u0103 pielea, oferindu-i o nuan\u021b\u0103 bronzat\u0103 aurie, f\u0103r\u0103 a necesita expunere la soare. Este ideal pentru aplicarea pe picioare \u0219i corp, ad\u0103ug\u00e2nd un luciu subtil \u0219i deosebit. Formula care se absoarbe rapid ajut\u0103 la men\u021binerea hidrat\u0103rii pielii, l\u0103s\u00e2nd un parfum fin \u0219i pl\u0103cut care v\u0103 va \u00eenso\u021bi pe parcursul \u00eentregii zile.  F\u0103r\u0103 parabeni. Testat dermatologic.","og_url":"https:\/\/alixavien.md\/ro\/product\/shimmer-spray-for-body-sparkling-ivory\/","og_site_name":"Alix Avien Cosmetic - Paris","article_modified_time":"2025-09-14T10:41:40+00:00","og_image":[{"width":1000,"height":1000,"url":"https:\/\/alixavien.md\/wp-content\/uploads\/2025\/02\/Shimmer-Spray-For-Body-Sparkling-Ivory-min.jpg","type":"image\/jpeg"}],"twitter_card":"summary_large_image","twitter_misc":{"Timp estimat pentru citire":"1 minut"},"schema":{"@context":"https:\/\/schema.org","@graph":[{"@type":"WebPage","@id":"https:\/\/alixavien.md\/ro\/product\/shimmer-spray-for-body-sparkling-ivory\/","url":"https:\/\/alixavien.md\/ro\/product\/shimmer-spray-for-body-sparkling-ivory\/","name":"Shimmer Spray For Body \u2013 Sparkling Ivory 23810 - Alix Avien Cosmetic - Paris","isPartOf":{"@id":"https:\/\/alixavien.md\/ro\/#website"},"primaryImageOfPage":{"@id":"https:\/\/alixavien.md\/ro\/product\/shimmer-spray-for-body-sparkling-ivory\/#primaryimage"},"image":{"@id":"https:\/\/alixavien.md\/product\/shimmer-spray-for-body-sparkling-ivory\/#primaryimage"},"thumbnailUrl":"https:\/\/alixavien.md\/wp-content\/uploads\/2025\/02\/Shimmer-Spray-For-Body-Sparkling-Ivory-min.jpg","datePublished":"2025-02-06T14:26:13+00:00","dateModified":"2025-09-14T10:41:40+00:00","breadcrumb":{"@id":"https:\/\/alixavien.md\/ro\/product\/shimmer-spray-for-body-sparkling-ivory\/#breadcrumb"},"inLanguage":"ro-RO","potentialAction":[{"@type":"ReadAction","target":[["https:\/\/alixavien.md\/ro\/product\/shimmer-spray-for-body-sparkling-ivory\/"]]}]},{"@type":"ImageObject","inLanguage":"ro-RO","@id":"https:\/\/alixavien.md\/ro\/product\/shimmer-spray-for-body-sparkling-ivory\/#primaryimage","url":"https:\/\/alixavien.md\/wp-content\/uploads\/2025\/02\/Shimmer-Spray-For-Body-Sparkling-Ivory-min.jpg","contentUrl":"https:\/\/alixavien.md\/wp-content\/uploads\/2025\/02\/Shimmer-Spray-For-Body-Sparkling-Ivory-min.jpg","width":1000,"height":1000},{"@type":"BreadcrumbList","@id":"https:\/\/alixavien.md\/ro\/product\/shimmer-spray-for-body-sparkling-ivory\/#breadcrumb","itemListElement":[{"@type":"ListItem","position":1,"name":"\u0413\u043b\u0430\u0432\u043d\u0430\u044f \u0441\u0442\u0440\u0430\u043d\u0438\u0446\u0430","item":"https:\/\/alixavien.md\/ro\/"},{"@type":"ListItem","position":2,"name":"\u041a\u0430\u0442\u0430\u043b\u043e\u0433","item":"https:\/\/alixavien.md\/ro\/catalog\/"},{"@type":"ListItem","position":3,"name":"Shimmer Spray For Body \u2013 Sparkling Ivory 23810"}]},{"@type":"WebSite","@id":"https:\/\/alixavien.md\/ro\/#website","url":"https:\/\/alixavien.md\/ro\/","name":"Alix Avien Cosmetic - Paris","description":"","potentialAction":[{"@type":"SearchAction","target":{"@type":"EntryPoint","urlTemplate":"https:\/\/alixavien.md\/ro\/?s={search_term_string}"},"query-input":{"@type":"PropertyValueSpecification","valueRequired":true,"valueName":"search_term_string"}}],"inLanguage":"ro-RO"}]}},"_links":{"self":[{"href":"https:\/\/alixavien.md\/ro\/wp-json\/wp\/v2\/product\/29800","targetHints":{"allow":["GET"]}}],"collection":[{"href":"https:\/\/alixavien.md\/ro\/wp-json\/wp\/v2\/product"}],"about":[{"href":"https:\/\/alixavien.md\/ro\/wp-json\/wp\/v2\/types\/product"}],"version-history":[{"count":3,"href":"https:\/\/alixavien.md\/ro\/wp-json\/wp\/v2\/product\/29800\/revisions"}],"predecessor-version":[{"id":33874,"href":"https:\/\/alixavien.md\/ro\/wp-json\/wp\/v2\/product\/29800\/revisions\/33874"}],"wp:featuredmedia":[{"embeddable":true,"href":"https:\/\/alixavien.md\/ro\/wp-json\/wp\/v2\/media\/29801"}],"wp:attachment":[{"href":"https:\/\/alixavien.md\/ro\/wp-json\/wp\/v2\/media?parent=29800"}],"wp:term":[{"taxonomy":"product_brand","embeddable":true,"href":"https:\/\/alixavien.md\/ro\/wp-json\/wp\/v2\/product_brand?post=29800"},{"taxonomy":"product_cat","embeddable":true,"href":"https:\/\/alixavien.md\/ro\/wp-json\/wp\/v2\/product_cat?post=29800"},{"taxonomy":"product_tag","embeddable":true,"href":"https:\/\/alixavien.md\/ro\/wp-json\/wp\/v2\/product_tag?post=29800"}],"curies":[{"name":"wp","href":"https:\/\/api.w.org\/{rel}","templated":true}]}}