{"id":29778,"date":"2025-02-06T14:21:45","date_gmt":"2025-02-06T14:21:45","guid":{"rendered":"https:\/\/alixavien.md\/?post_type=product&#038;p=29778"},"modified":"2025-03-03T20:35:39","modified_gmt":"2025-03-03T20:35:39","slug":"leg-body-foundation-spray-fair","status":"publish","type":"product","link":"https:\/\/alixavien.md\/ro\/product\/leg-body-foundation-spray-fair\/","title":{"rendered":"Leg &amp; Body Foundation Spray \u2013 Light- spray fond de ten pentru picioare \u0219i corp 08510"},"content":{"rendered":"","protected":false},"excerpt":{"rendered":"<p><strong>Spray pentru machiajul corpului<\/strong><\/p>\n<p>Acest produs pentru machiajul corpului mascheaz\u0103 imperfec\u021biunile pielii, ascunz\u00e2nd petele pigmentare datorit\u0103 propriet\u0103\u021bilor sale de acoperire ridicat\u0103 \u0219i de durabilitate.<\/p>\n<p>Formula u\u0219oar\u0103 \u0219i u\u0219or de aplicat este \u00eembog\u0103\u021bit\u0103 cu un umectant natural pentru un efect de hidratare \u0219i un finisaj radiant. Potrivit pentru utilizarea pe picioare \u0219i corp pentru toate tipurile de piele, spray-ul este disponibil \u00een 3 nuan\u021be diferite pentru a se potrivi perfect cu tonul pielii.<\/p>\n<p><strong>3 nuan\u021be diferite.<\/strong> <strong>Nu con\u021bine parabeni \u0219i gluten.<\/strong> <strong>Testat dermatologic.<\/strong><\/p>\n","protected":false},"featured_media":29779,"template":"","meta":[],"product_brand":[],"product_cat":[282],"product_tag":[],"class_list":{"0":"post-29778","1":"product","2":"type-product","3":"status-publish","4":"has-post-thumbnail","6":"product_cat-spray","8":"first","9":"instock","10":"shipping-taxable","11":"purchasable","12":"product-type-simple"},"yoast_head":"<!-- This site is optimized with the Yoast SEO plugin v27.6 - https:\/\/yoast.com\/product\/yoast-seo-wordpress\/ -->\n<title>Leg &amp; Body Foundation Spray \u2013 Light- spray fond de ten pentru picioare \u0219i corp 08510 - Alix Avien Cosmetic - Paris<\/title>\n<meta name=\"robots\" content=\"index, follow, max-snippet:-1, max-image-preview:large, max-video-preview:-1\" \/>\n<link rel=\"canonical\" href=\"https:\/\/alixavien.md\/ro\/product\/leg-body-foundation-spray-fair\/\" \/>\n<meta property=\"og:locale\" content=\"ro_RO\" \/>\n<meta property=\"og:type\" content=\"article\" \/>\n<meta property=\"og:title\" content=\"Leg &amp; Body Foundation Spray \u2013 Light- spray fond de ten pentru picioare \u0219i corp 08510 - Alix Avien Cosmetic - Paris\" \/>\n<meta property=\"og:description\" content=\"Spray pentru machiajul corpului  Acest produs pentru machiajul corpului mascheaz\u0103 imperfec\u021biunile pielii, ascunz\u00e2nd petele pigmentare datorit\u0103 propriet\u0103\u021bilor sale de acoperire ridicat\u0103 \u0219i de durabilitate.  Formula u\u0219oar\u0103 \u0219i u\u0219or de aplicat este \u00eembog\u0103\u021bit\u0103 cu un umectant natural pentru un efect de hidratare \u0219i un finisaj radiant. Potrivit pentru utilizarea pe picioare \u0219i corp pentru toate tipurile de piele, spray-ul este disponibil \u00een 3 nuan\u021be diferite pentru a se potrivi perfect cu tonul pielii.  3 nuan\u021be diferite. Nu con\u021bine parabeni \u0219i gluten. Testat dermatologic.\" \/>\n<meta property=\"og:url\" content=\"https:\/\/alixavien.md\/ro\/product\/leg-body-foundation-spray-fair\/\" \/>\n<meta property=\"og:site_name\" content=\"Alix Avien Cosmetic - Paris\" \/>\n<meta property=\"article:modified_time\" content=\"2025-03-03T20:35:39+00:00\" \/>\n<meta property=\"og:image\" content=\"https:\/\/alixavien.md\/wp-content\/uploads\/2025\/02\/Leg-Body-Foundation-Spray-Fair-Yeni-min.jpg\" \/>\n\t<meta property=\"og:image:width\" content=\"1000\" \/>\n\t<meta property=\"og:image:height\" content=\"1000\" \/>\n\t<meta property=\"og:image:type\" content=\"image\/jpeg\" \/>\n<meta name=\"twitter:card\" content=\"summary_large_image\" \/>\n<meta name=\"twitter:label1\" content=\"Timp estimat pentru citire\" \/>\n\t<meta name=\"twitter:data1\" content=\"1 minut\" \/>\n<script type=\"application\/ld+json\" class=\"yoast-schema-graph\">{\"@context\":\"https:\\\/\\\/schema.org\",\"@graph\":[{\"@type\":\"WebPage\",\"@id\":\"https:\\\/\\\/alixavien.md\\\/ro\\\/product\\\/leg-body-foundation-spray-fair\\\/\",\"url\":\"https:\\\/\\\/alixavien.md\\\/ro\\\/product\\\/leg-body-foundation-spray-fair\\\/\",\"name\":\"Leg &amp; Body Foundation Spray \u2013 Light- spray fond de ten pentru picioare \u0219i corp 08510 - Alix Avien Cosmetic - Paris\",\"isPartOf\":{\"@id\":\"https:\\\/\\\/alixavien.md\\\/ro\\\/#website\"},\"primaryImageOfPage\":{\"@id\":\"https:\\\/\\\/alixavien.md\\\/ro\\\/product\\\/leg-body-foundation-spray-fair\\\/#primaryimage\"},\"image\":{\"@id\":\"https:\\\/\\\/alixavien.md\\\/product\\\/leg-body-foundation-spray-fair\\\/#primaryimage\"},\"thumbnailUrl\":\"https:\\\/\\\/alixavien.md\\\/wp-content\\\/uploads\\\/2025\\\/02\\\/Leg-Body-Foundation-Spray-Fair-Yeni-min.jpg\",\"datePublished\":\"2025-02-06T14:21:45+00:00\",\"dateModified\":\"2025-03-03T20:35:39+00:00\",\"breadcrumb\":{\"@id\":\"https:\\\/\\\/alixavien.md\\\/ro\\\/product\\\/leg-body-foundation-spray-fair\\\/#breadcrumb\"},\"inLanguage\":\"ro-RO\",\"potentialAction\":[{\"@type\":\"ReadAction\",\"target\":[[\"https:\\\/\\\/alixavien.md\\\/ro\\\/product\\\/leg-body-foundation-spray-fair\\\/\"]]}]},{\"@type\":\"ImageObject\",\"inLanguage\":\"ro-RO\",\"@id\":\"https:\\\/\\\/alixavien.md\\\/ro\\\/product\\\/leg-body-foundation-spray-fair\\\/#primaryimage\",\"url\":\"https:\\\/\\\/alixavien.md\\\/wp-content\\\/uploads\\\/2025\\\/02\\\/Leg-Body-Foundation-Spray-Fair-Yeni-min.jpg\",\"contentUrl\":\"https:\\\/\\\/alixavien.md\\\/wp-content\\\/uploads\\\/2025\\\/02\\\/Leg-Body-Foundation-Spray-Fair-Yeni-min.jpg\",\"width\":1000,\"height\":1000},{\"@type\":\"BreadcrumbList\",\"@id\":\"https:\\\/\\\/alixavien.md\\\/ro\\\/product\\\/leg-body-foundation-spray-fair\\\/#breadcrumb\",\"itemListElement\":[{\"@type\":\"ListItem\",\"position\":1,\"name\":\"\u0413\u043b\u0430\u0432\u043d\u0430\u044f \u0441\u0442\u0440\u0430\u043d\u0438\u0446\u0430\",\"item\":\"https:\\\/\\\/alixavien.md\\\/ro\\\/\"},{\"@type\":\"ListItem\",\"position\":2,\"name\":\"\u041a\u0430\u0442\u0430\u043b\u043e\u0433\",\"item\":\"https:\\\/\\\/alixavien.md\\\/ro\\\/catalog\\\/\"},{\"@type\":\"ListItem\",\"position\":3,\"name\":\"Leg &amp; Body Foundation Spray \u2013 Light -\u0442\u043e\u043d\u0430\u043b\u044c\u043d\u044b\u0439 \u0441\u043f\u0440\u0435\u0439 \u0434\u043b\u044f \u043d\u043e\u0433 \u0438 \u0442\u0435\u043b\u0430 08510\"}]},{\"@type\":\"WebSite\",\"@id\":\"https:\\\/\\\/alixavien.md\\\/ro\\\/#website\",\"url\":\"https:\\\/\\\/alixavien.md\\\/ro\\\/\",\"name\":\"Alix Avien Cosmetic - Paris\",\"description\":\"\",\"potentialAction\":[{\"@type\":\"SearchAction\",\"target\":{\"@type\":\"EntryPoint\",\"urlTemplate\":\"https:\\\/\\\/alixavien.md\\\/ro\\\/?s={search_term_string}\"},\"query-input\":{\"@type\":\"PropertyValueSpecification\",\"valueRequired\":true,\"valueName\":\"search_term_string\"}}],\"inLanguage\":\"ro-RO\"}]}<\/script>\n<!-- \/ Yoast SEO plugin. -->","yoast_head_json":{"title":"Leg &amp; Body Foundation Spray \u2013 Light- spray fond de ten pentru picioare \u0219i corp 08510 - Alix Avien Cosmetic - Paris","robots":{"index":"index","follow":"follow","max-snippet":"max-snippet:-1","max-image-preview":"max-image-preview:large","max-video-preview":"max-video-preview:-1"},"canonical":"https:\/\/alixavien.md\/ro\/product\/leg-body-foundation-spray-fair\/","og_locale":"ro_RO","og_type":"article","og_title":"Leg &amp; Body Foundation Spray \u2013 Light- spray fond de ten pentru picioare \u0219i corp 08510 - Alix Avien Cosmetic - Paris","og_description":"Spray pentru machiajul corpului  Acest produs pentru machiajul corpului mascheaz\u0103 imperfec\u021biunile pielii, ascunz\u00e2nd petele pigmentare datorit\u0103 propriet\u0103\u021bilor sale de acoperire ridicat\u0103 \u0219i de durabilitate.  Formula u\u0219oar\u0103 \u0219i u\u0219or de aplicat este \u00eembog\u0103\u021bit\u0103 cu un umectant natural pentru un efect de hidratare \u0219i un finisaj radiant. Potrivit pentru utilizarea pe picioare \u0219i corp pentru toate tipurile de piele, spray-ul este disponibil \u00een 3 nuan\u021be diferite pentru a se potrivi perfect cu tonul pielii.  3 nuan\u021be diferite. Nu con\u021bine parabeni \u0219i gluten. Testat dermatologic.","og_url":"https:\/\/alixavien.md\/ro\/product\/leg-body-foundation-spray-fair\/","og_site_name":"Alix Avien Cosmetic - Paris","article_modified_time":"2025-03-03T20:35:39+00:00","og_image":[{"width":1000,"height":1000,"url":"https:\/\/alixavien.md\/wp-content\/uploads\/2025\/02\/Leg-Body-Foundation-Spray-Fair-Yeni-min.jpg","type":"image\/jpeg"}],"twitter_card":"summary_large_image","twitter_misc":{"Timp estimat pentru citire":"1 minut"},"schema":{"@context":"https:\/\/schema.org","@graph":[{"@type":"WebPage","@id":"https:\/\/alixavien.md\/ro\/product\/leg-body-foundation-spray-fair\/","url":"https:\/\/alixavien.md\/ro\/product\/leg-body-foundation-spray-fair\/","name":"Leg &amp; Body Foundation Spray \u2013 Light- spray fond de ten pentru picioare \u0219i corp 08510 - Alix Avien Cosmetic - Paris","isPartOf":{"@id":"https:\/\/alixavien.md\/ro\/#website"},"primaryImageOfPage":{"@id":"https:\/\/alixavien.md\/ro\/product\/leg-body-foundation-spray-fair\/#primaryimage"},"image":{"@id":"https:\/\/alixavien.md\/product\/leg-body-foundation-spray-fair\/#primaryimage"},"thumbnailUrl":"https:\/\/alixavien.md\/wp-content\/uploads\/2025\/02\/Leg-Body-Foundation-Spray-Fair-Yeni-min.jpg","datePublished":"2025-02-06T14:21:45+00:00","dateModified":"2025-03-03T20:35:39+00:00","breadcrumb":{"@id":"https:\/\/alixavien.md\/ro\/product\/leg-body-foundation-spray-fair\/#breadcrumb"},"inLanguage":"ro-RO","potentialAction":[{"@type":"ReadAction","target":[["https:\/\/alixavien.md\/ro\/product\/leg-body-foundation-spray-fair\/"]]}]},{"@type":"ImageObject","inLanguage":"ro-RO","@id":"https:\/\/alixavien.md\/ro\/product\/leg-body-foundation-spray-fair\/#primaryimage","url":"https:\/\/alixavien.md\/wp-content\/uploads\/2025\/02\/Leg-Body-Foundation-Spray-Fair-Yeni-min.jpg","contentUrl":"https:\/\/alixavien.md\/wp-content\/uploads\/2025\/02\/Leg-Body-Foundation-Spray-Fair-Yeni-min.jpg","width":1000,"height":1000},{"@type":"BreadcrumbList","@id":"https:\/\/alixavien.md\/ro\/product\/leg-body-foundation-spray-fair\/#breadcrumb","itemListElement":[{"@type":"ListItem","position":1,"name":"\u0413\u043b\u0430\u0432\u043d\u0430\u044f \u0441\u0442\u0440\u0430\u043d\u0438\u0446\u0430","item":"https:\/\/alixavien.md\/ro\/"},{"@type":"ListItem","position":2,"name":"\u041a\u0430\u0442\u0430\u043b\u043e\u0433","item":"https:\/\/alixavien.md\/ro\/catalog\/"},{"@type":"ListItem","position":3,"name":"Leg &amp; Body Foundation Spray \u2013 Light -\u0442\u043e\u043d\u0430\u043b\u044c\u043d\u044b\u0439 \u0441\u043f\u0440\u0435\u0439 \u0434\u043b\u044f \u043d\u043e\u0433 \u0438 \u0442\u0435\u043b\u0430 08510"}]},{"@type":"WebSite","@id":"https:\/\/alixavien.md\/ro\/#website","url":"https:\/\/alixavien.md\/ro\/","name":"Alix Avien Cosmetic - Paris","description":"","potentialAction":[{"@type":"SearchAction","target":{"@type":"EntryPoint","urlTemplate":"https:\/\/alixavien.md\/ro\/?s={search_term_string}"},"query-input":{"@type":"PropertyValueSpecification","valueRequired":true,"valueName":"search_term_string"}}],"inLanguage":"ro-RO"}]}},"_links":{"self":[{"href":"https:\/\/alixavien.md\/ro\/wp-json\/wp\/v2\/product\/29778","targetHints":{"allow":["GET"]}}],"collection":[{"href":"https:\/\/alixavien.md\/ro\/wp-json\/wp\/v2\/product"}],"about":[{"href":"https:\/\/alixavien.md\/ro\/wp-json\/wp\/v2\/types\/product"}],"version-history":[{"count":6,"href":"https:\/\/alixavien.md\/ro\/wp-json\/wp\/v2\/product\/29778\/revisions"}],"predecessor-version":[{"id":33871,"href":"https:\/\/alixavien.md\/ro\/wp-json\/wp\/v2\/product\/29778\/revisions\/33871"}],"wp:featuredmedia":[{"embeddable":true,"href":"https:\/\/alixavien.md\/ro\/wp-json\/wp\/v2\/media\/29779"}],"wp:attachment":[{"href":"https:\/\/alixavien.md\/ro\/wp-json\/wp\/v2\/media?parent=29778"}],"wp:term":[{"taxonomy":"product_brand","embeddable":true,"href":"https:\/\/alixavien.md\/ro\/wp-json\/wp\/v2\/product_brand?post=29778"},{"taxonomy":"product_cat","embeddable":true,"href":"https:\/\/alixavien.md\/ro\/wp-json\/wp\/v2\/product_cat?post=29778"},{"taxonomy":"product_tag","embeddable":true,"href":"https:\/\/alixavien.md\/ro\/wp-json\/wp\/v2\/product_tag?post=29778"}],"curies":[{"name":"wp","href":"https:\/\/api.w.org\/{rel}","templated":true}]}}