{"id":28691,"date":"2025-02-06T09:46:45","date_gmt":"2025-02-06T09:46:45","guid":{"rendered":"https:\/\/alixavien.md\/?post_type=product&#038;p=28691"},"modified":"2025-03-02T16:11:40","modified_gmt":"2025-03-02T16:11:40","slug":"lipliner-pencil-sheer-coral","status":"publish","type":"product","link":"https:\/\/alixavien.md\/ro\/product\/lipliner-pencil-sheer-coral\/","title":{"rendered":"Lipliner Pencil \u2013 Sheer Coral  15617"},"content":{"rendered":"","protected":false},"excerpt":{"rendered":"<p>Creion de buze Alix Avien Paris Staying Power cu rezistenta la apa pana la 7 ore, usor de aplicat, foarte moale si alunecos.<\/p>\n<p>Poate fi folosit singur sau \u00een combina\u021bie cu alte rujuri. \u00cembun\u0103t\u0103\u021be\u0219te aspectul buzelor prin eviden\u021bierea liniilor buzelor sau umplerea zonei interioare. Finisaj mat de lunga durata, foarte pigmentat, usor de aplicat.<\/p>\n<p>Creionul de buze convenabil \u0219i alunecos este disponibil \u00een 10 op\u021biuni de culoare diferite; care iti permite sa aplici cu usurinta rujul fara sa iti usuci buzele, datorita uleiurilor pe care le contine.<\/p>\n<p>Disponibil \u00een 10 nuan\u021be.<br \/>\nPotrivit pentru toate tipurile.<br \/>\nNu contine parabeni si gluten.<br \/>\nTestat dermatolog.<\/p>\n","protected":false},"featured_media":28692,"template":"","meta":[],"product_brand":[],"product_cat":[277],"product_tag":[],"class_list":{"0":"post-28691","1":"product","2":"type-product","3":"status-publish","4":"has-post-thumbnail","6":"product_cat-lipliner","8":"first","9":"instock","10":"shipping-taxable","11":"purchasable","12":"product-type-simple"},"yoast_head":"<!-- This site is optimized with the Yoast SEO plugin v27.5 - https:\/\/yoast.com\/product\/yoast-seo-wordpress\/ -->\n<title>Lipliner Pencil \u2013 Sheer Coral 15617 - Alix Avien Cosmetic - Paris<\/title>\n<meta name=\"robots\" content=\"index, follow, max-snippet:-1, max-image-preview:large, max-video-preview:-1\" \/>\n<link rel=\"canonical\" href=\"https:\/\/alixavien.md\/ro\/product\/lipliner-pencil-sheer-coral\/\" \/>\n<meta property=\"og:locale\" content=\"ro_RO\" \/>\n<meta property=\"og:type\" content=\"article\" \/>\n<meta property=\"og:title\" content=\"Lipliner Pencil \u2013 Sheer Coral 15617 - Alix Avien Cosmetic - Paris\" \/>\n<meta property=\"og:description\" content=\"Creion de buze Alix Avien Paris Staying Power cu rezistenta la apa pana la 7 ore, usor de aplicat, foarte moale si alunecos.  Poate fi folosit singur sau \u00een combina\u021bie cu alte rujuri. \u00cembun\u0103t\u0103\u021be\u0219te aspectul buzelor prin eviden\u021bierea liniilor buzelor sau umplerea zonei interioare. Finisaj mat de lunga durata, foarte pigmentat, usor de aplicat.  Creionul de buze convenabil \u0219i alunecos este disponibil \u00een 10 op\u021biuni de culoare diferite; care iti permite sa aplici cu usurinta rujul fara sa iti usuci buzele, datorita uleiurilor pe care le contine.  Disponibil \u00een 10 nuan\u021be. Potrivit pentru toate tipurile. Nu contine parabeni si gluten. Testat dermatolog.\" \/>\n<meta property=\"og:url\" content=\"https:\/\/alixavien.md\/ro\/product\/lipliner-pencil-sheer-coral\/\" \/>\n<meta property=\"og:site_name\" content=\"Alix Avien Cosmetic - Paris\" \/>\n<meta property=\"article:modified_time\" content=\"2025-03-02T16:11:40+00:00\" \/>\n<meta property=\"og:image\" content=\"https:\/\/alixavien.md\/wp-content\/uploads\/2025\/02\/Lipliner-Pencil-Black-Sheer-Coral-min.jpg\" \/>\n\t<meta property=\"og:image:width\" content=\"1000\" \/>\n\t<meta property=\"og:image:height\" content=\"1000\" \/>\n\t<meta property=\"og:image:type\" content=\"image\/jpeg\" \/>\n<meta name=\"twitter:card\" content=\"summary_large_image\" \/>\n<meta name=\"twitter:label1\" content=\"Timp estimat pentru citire\" \/>\n\t<meta name=\"twitter:data1\" content=\"1 minut\" \/>\n<script type=\"application\/ld+json\" class=\"yoast-schema-graph\">{\"@context\":\"https:\\\/\\\/schema.org\",\"@graph\":[{\"@type\":\"WebPage\",\"@id\":\"https:\\\/\\\/alixavien.md\\\/ro\\\/product\\\/lipliner-pencil-sheer-coral\\\/\",\"url\":\"https:\\\/\\\/alixavien.md\\\/ro\\\/product\\\/lipliner-pencil-sheer-coral\\\/\",\"name\":\"Lipliner Pencil \u2013 Sheer Coral 15617 - Alix Avien Cosmetic - Paris\",\"isPartOf\":{\"@id\":\"https:\\\/\\\/alixavien.md\\\/ro\\\/#website\"},\"primaryImageOfPage\":{\"@id\":\"https:\\\/\\\/alixavien.md\\\/ro\\\/product\\\/lipliner-pencil-sheer-coral\\\/#primaryimage\"},\"image\":{\"@id\":\"https:\\\/\\\/alixavien.md\\\/product\\\/lipliner-pencil-sheer-coral\\\/#primaryimage\"},\"thumbnailUrl\":\"https:\\\/\\\/alixavien.md\\\/wp-content\\\/uploads\\\/2025\\\/02\\\/Lipliner-Pencil-Black-Sheer-Coral-min.jpg\",\"datePublished\":\"2025-02-06T09:46:45+00:00\",\"dateModified\":\"2025-03-02T16:11:40+00:00\",\"breadcrumb\":{\"@id\":\"https:\\\/\\\/alixavien.md\\\/ro\\\/product\\\/lipliner-pencil-sheer-coral\\\/#breadcrumb\"},\"inLanguage\":\"ro-RO\",\"potentialAction\":[{\"@type\":\"ReadAction\",\"target\":[[\"https:\\\/\\\/alixavien.md\\\/ro\\\/product\\\/lipliner-pencil-sheer-coral\\\/\"]]}]},{\"@type\":\"ImageObject\",\"inLanguage\":\"ro-RO\",\"@id\":\"https:\\\/\\\/alixavien.md\\\/ro\\\/product\\\/lipliner-pencil-sheer-coral\\\/#primaryimage\",\"url\":\"https:\\\/\\\/alixavien.md\\\/wp-content\\\/uploads\\\/2025\\\/02\\\/Lipliner-Pencil-Black-Sheer-Coral-min.jpg\",\"contentUrl\":\"https:\\\/\\\/alixavien.md\\\/wp-content\\\/uploads\\\/2025\\\/02\\\/Lipliner-Pencil-Black-Sheer-Coral-min.jpg\",\"width\":1000,\"height\":1000},{\"@type\":\"BreadcrumbList\",\"@id\":\"https:\\\/\\\/alixavien.md\\\/ro\\\/product\\\/lipliner-pencil-sheer-coral\\\/#breadcrumb\",\"itemListElement\":[{\"@type\":\"ListItem\",\"position\":1,\"name\":\"\u0413\u043b\u0430\u0432\u043d\u0430\u044f \u0441\u0442\u0440\u0430\u043d\u0438\u0446\u0430\",\"item\":\"https:\\\/\\\/alixavien.md\\\/ro\\\/\"},{\"@type\":\"ListItem\",\"position\":2,\"name\":\"\u041a\u0430\u0442\u0430\u043b\u043e\u0433\",\"item\":\"https:\\\/\\\/alixavien.md\\\/ro\\\/catalog\\\/\"},{\"@type\":\"ListItem\",\"position\":3,\"name\":\"Lipliner Pencil \u2013 Sheer Coral 15617\"}]},{\"@type\":\"WebSite\",\"@id\":\"https:\\\/\\\/alixavien.md\\\/ro\\\/#website\",\"url\":\"https:\\\/\\\/alixavien.md\\\/ro\\\/\",\"name\":\"Alix Avien Cosmetic - Paris\",\"description\":\"\",\"potentialAction\":[{\"@type\":\"SearchAction\",\"target\":{\"@type\":\"EntryPoint\",\"urlTemplate\":\"https:\\\/\\\/alixavien.md\\\/ro\\\/?s={search_term_string}\"},\"query-input\":{\"@type\":\"PropertyValueSpecification\",\"valueRequired\":true,\"valueName\":\"search_term_string\"}}],\"inLanguage\":\"ro-RO\"}]}<\/script>\n<!-- \/ Yoast SEO plugin. -->","yoast_head_json":{"title":"Lipliner Pencil \u2013 Sheer Coral 15617 - Alix Avien Cosmetic - Paris","robots":{"index":"index","follow":"follow","max-snippet":"max-snippet:-1","max-image-preview":"max-image-preview:large","max-video-preview":"max-video-preview:-1"},"canonical":"https:\/\/alixavien.md\/ro\/product\/lipliner-pencil-sheer-coral\/","og_locale":"ro_RO","og_type":"article","og_title":"Lipliner Pencil \u2013 Sheer Coral 15617 - Alix Avien Cosmetic - Paris","og_description":"Creion de buze Alix Avien Paris Staying Power cu rezistenta la apa pana la 7 ore, usor de aplicat, foarte moale si alunecos.  Poate fi folosit singur sau \u00een combina\u021bie cu alte rujuri. \u00cembun\u0103t\u0103\u021be\u0219te aspectul buzelor prin eviden\u021bierea liniilor buzelor sau umplerea zonei interioare. Finisaj mat de lunga durata, foarte pigmentat, usor de aplicat.  Creionul de buze convenabil \u0219i alunecos este disponibil \u00een 10 op\u021biuni de culoare diferite; care iti permite sa aplici cu usurinta rujul fara sa iti usuci buzele, datorita uleiurilor pe care le contine.  Disponibil \u00een 10 nuan\u021be. Potrivit pentru toate tipurile. Nu contine parabeni si gluten. Testat dermatolog.","og_url":"https:\/\/alixavien.md\/ro\/product\/lipliner-pencil-sheer-coral\/","og_site_name":"Alix Avien Cosmetic - Paris","article_modified_time":"2025-03-02T16:11:40+00:00","og_image":[{"width":1000,"height":1000,"url":"https:\/\/alixavien.md\/wp-content\/uploads\/2025\/02\/Lipliner-Pencil-Black-Sheer-Coral-min.jpg","type":"image\/jpeg"}],"twitter_card":"summary_large_image","twitter_misc":{"Timp estimat pentru citire":"1 minut"},"schema":{"@context":"https:\/\/schema.org","@graph":[{"@type":"WebPage","@id":"https:\/\/alixavien.md\/ro\/product\/lipliner-pencil-sheer-coral\/","url":"https:\/\/alixavien.md\/ro\/product\/lipliner-pencil-sheer-coral\/","name":"Lipliner Pencil \u2013 Sheer Coral 15617 - Alix Avien Cosmetic - Paris","isPartOf":{"@id":"https:\/\/alixavien.md\/ro\/#website"},"primaryImageOfPage":{"@id":"https:\/\/alixavien.md\/ro\/product\/lipliner-pencil-sheer-coral\/#primaryimage"},"image":{"@id":"https:\/\/alixavien.md\/product\/lipliner-pencil-sheer-coral\/#primaryimage"},"thumbnailUrl":"https:\/\/alixavien.md\/wp-content\/uploads\/2025\/02\/Lipliner-Pencil-Black-Sheer-Coral-min.jpg","datePublished":"2025-02-06T09:46:45+00:00","dateModified":"2025-03-02T16:11:40+00:00","breadcrumb":{"@id":"https:\/\/alixavien.md\/ro\/product\/lipliner-pencil-sheer-coral\/#breadcrumb"},"inLanguage":"ro-RO","potentialAction":[{"@type":"ReadAction","target":[["https:\/\/alixavien.md\/ro\/product\/lipliner-pencil-sheer-coral\/"]]}]},{"@type":"ImageObject","inLanguage":"ro-RO","@id":"https:\/\/alixavien.md\/ro\/product\/lipliner-pencil-sheer-coral\/#primaryimage","url":"https:\/\/alixavien.md\/wp-content\/uploads\/2025\/02\/Lipliner-Pencil-Black-Sheer-Coral-min.jpg","contentUrl":"https:\/\/alixavien.md\/wp-content\/uploads\/2025\/02\/Lipliner-Pencil-Black-Sheer-Coral-min.jpg","width":1000,"height":1000},{"@type":"BreadcrumbList","@id":"https:\/\/alixavien.md\/ro\/product\/lipliner-pencil-sheer-coral\/#breadcrumb","itemListElement":[{"@type":"ListItem","position":1,"name":"\u0413\u043b\u0430\u0432\u043d\u0430\u044f \u0441\u0442\u0440\u0430\u043d\u0438\u0446\u0430","item":"https:\/\/alixavien.md\/ro\/"},{"@type":"ListItem","position":2,"name":"\u041a\u0430\u0442\u0430\u043b\u043e\u0433","item":"https:\/\/alixavien.md\/ro\/catalog\/"},{"@type":"ListItem","position":3,"name":"Lipliner Pencil \u2013 Sheer Coral 15617"}]},{"@type":"WebSite","@id":"https:\/\/alixavien.md\/ro\/#website","url":"https:\/\/alixavien.md\/ro\/","name":"Alix Avien Cosmetic - Paris","description":"","potentialAction":[{"@type":"SearchAction","target":{"@type":"EntryPoint","urlTemplate":"https:\/\/alixavien.md\/ro\/?s={search_term_string}"},"query-input":{"@type":"PropertyValueSpecification","valueRequired":true,"valueName":"search_term_string"}}],"inLanguage":"ro-RO"}]}},"_links":{"self":[{"href":"https:\/\/alixavien.md\/ro\/wp-json\/wp\/v2\/product\/28691","targetHints":{"allow":["GET"]}}],"collection":[{"href":"https:\/\/alixavien.md\/ro\/wp-json\/wp\/v2\/product"}],"about":[{"href":"https:\/\/alixavien.md\/ro\/wp-json\/wp\/v2\/types\/product"}],"version-history":[{"count":4,"href":"https:\/\/alixavien.md\/ro\/wp-json\/wp\/v2\/product\/28691\/revisions"}],"predecessor-version":[{"id":33758,"href":"https:\/\/alixavien.md\/ro\/wp-json\/wp\/v2\/product\/28691\/revisions\/33758"}],"wp:featuredmedia":[{"embeddable":true,"href":"https:\/\/alixavien.md\/ro\/wp-json\/wp\/v2\/media\/28692"}],"wp:attachment":[{"href":"https:\/\/alixavien.md\/ro\/wp-json\/wp\/v2\/media?parent=28691"}],"wp:term":[{"taxonomy":"product_brand","embeddable":true,"href":"https:\/\/alixavien.md\/ro\/wp-json\/wp\/v2\/product_brand?post=28691"},{"taxonomy":"product_cat","embeddable":true,"href":"https:\/\/alixavien.md\/ro\/wp-json\/wp\/v2\/product_cat?post=28691"},{"taxonomy":"product_tag","embeddable":true,"href":"https:\/\/alixavien.md\/ro\/wp-json\/wp\/v2\/product_tag?post=28691"}],"curies":[{"name":"wp","href":"https:\/\/api.w.org\/{rel}","templated":true}]}}