{"id":28639,"date":"2025-02-06T09:37:23","date_gmt":"2025-02-06T09:37:23","guid":{"rendered":"https:\/\/alixavien.md\/?post_type=product&#038;p=28639"},"modified":"2025-03-04T14:45:42","modified_gmt":"2025-03-04T14:45:42","slug":"lipliner-pencil-dusty-plum","status":"publish","type":"product","link":"https:\/\/alixavien.md\/ro\/product\/lipliner-pencil-dusty-plum\/","title":{"rendered":"Lipliner Pencil \u2013 Dusty Plum  15709"},"content":{"rendered":"","protected":false},"excerpt":{"rendered":"<p>Un creion din lemn, ascu\u021bibil, care ofer\u0103 precizie perfect\u0103 pentru o linie clar definit\u0103 a buzelor.<\/p>\n<p>Formula rezistent\u0103 la ap\u0103, foarte pigmentat\u0103, ofer\u0103 o culoare mat\u0103 de lung\u0103 durat\u0103, care r\u0103m\u00e2ne adev\u0103rat\u0103. U\u0219or de aplicat, contureaz\u0103 sau umple cu precizie buzele, prevenind petele timp de 5 ore.<\/p>\n<p>Disponibil \u00een 22 de culori diferite pentru a se potrivi cu produsele de buze solide \u0219i lichide Alix Avien Paris.<br \/>\nPotrivit pentru toate tipurile.<br \/>\nNu contine parabeni si gluten.<br \/>\nTestat dermatolog.<\/p>\n","protected":false},"featured_media":28640,"template":"","meta":[],"product_brand":[],"product_cat":[277],"product_tag":[],"class_list":{"0":"post-28639","1":"product","2":"type-product","3":"status-publish","4":"has-post-thumbnail","6":"product_cat-lipliner","8":"first","9":"instock","10":"shipping-taxable","11":"purchasable","12":"product-type-simple"},"yoast_head":"<!-- This site is optimized with the Yoast SEO plugin v27.5 - https:\/\/yoast.com\/product\/yoast-seo-wordpress\/ -->\n<title>Lipliner Pencil \u2013 Dusty Plum 15709 - Alix Avien Cosmetic - Paris<\/title>\n<meta name=\"robots\" content=\"index, follow, max-snippet:-1, max-image-preview:large, max-video-preview:-1\" \/>\n<link rel=\"canonical\" href=\"https:\/\/alixavien.md\/ro\/product\/lipliner-pencil-dusty-plum\/\" \/>\n<meta property=\"og:locale\" content=\"ro_RO\" \/>\n<meta property=\"og:type\" content=\"article\" \/>\n<meta property=\"og:title\" content=\"Lipliner Pencil \u2013 Dusty Plum 15709 - Alix Avien Cosmetic - Paris\" \/>\n<meta property=\"og:description\" content=\"Un creion din lemn, ascu\u021bibil, care ofer\u0103 precizie perfect\u0103 pentru o linie clar definit\u0103 a buzelor.  Formula rezistent\u0103 la ap\u0103, foarte pigmentat\u0103, ofer\u0103 o culoare mat\u0103 de lung\u0103 durat\u0103, care r\u0103m\u00e2ne adev\u0103rat\u0103. U\u0219or de aplicat, contureaz\u0103 sau umple cu precizie buzele, prevenind petele timp de 5 ore.  Disponibil \u00een 22 de culori diferite pentru a se potrivi cu produsele de buze solide \u0219i lichide Alix Avien Paris. Potrivit pentru toate tipurile. Nu contine parabeni si gluten. Testat dermatolog.\" \/>\n<meta property=\"og:url\" content=\"https:\/\/alixavien.md\/ro\/product\/lipliner-pencil-dusty-plum\/\" \/>\n<meta property=\"og:site_name\" content=\"Alix Avien Cosmetic - Paris\" \/>\n<meta property=\"article:modified_time\" content=\"2025-03-04T14:45:42+00:00\" \/>\n<meta property=\"og:image\" content=\"https:\/\/alixavien.md\/wp-content\/uploads\/2025\/02\/Lipliner-Pencil-Black-Dusty-Plum-min.jpg\" \/>\n\t<meta property=\"og:image:width\" content=\"1000\" \/>\n\t<meta property=\"og:image:height\" content=\"1000\" \/>\n\t<meta property=\"og:image:type\" content=\"image\/jpeg\" \/>\n<meta name=\"twitter:card\" content=\"summary_large_image\" \/>\n<meta name=\"twitter:label1\" content=\"Timp estimat pentru citire\" \/>\n\t<meta name=\"twitter:data1\" content=\"1 minut\" \/>\n<script type=\"application\/ld+json\" class=\"yoast-schema-graph\">{\"@context\":\"https:\\\/\\\/schema.org\",\"@graph\":[{\"@type\":\"WebPage\",\"@id\":\"https:\\\/\\\/alixavien.md\\\/ro\\\/product\\\/lipliner-pencil-dusty-plum\\\/\",\"url\":\"https:\\\/\\\/alixavien.md\\\/ro\\\/product\\\/lipliner-pencil-dusty-plum\\\/\",\"name\":\"Lipliner Pencil \u2013 Dusty Plum 15709 - Alix Avien Cosmetic - Paris\",\"isPartOf\":{\"@id\":\"https:\\\/\\\/alixavien.md\\\/ro\\\/#website\"},\"primaryImageOfPage\":{\"@id\":\"https:\\\/\\\/alixavien.md\\\/ro\\\/product\\\/lipliner-pencil-dusty-plum\\\/#primaryimage\"},\"image\":{\"@id\":\"https:\\\/\\\/alixavien.md\\\/product\\\/lipliner-pencil-dusty-plum\\\/#primaryimage\"},\"thumbnailUrl\":\"https:\\\/\\\/alixavien.md\\\/wp-content\\\/uploads\\\/2025\\\/02\\\/Lipliner-Pencil-Black-Dusty-Plum-min.jpg\",\"datePublished\":\"2025-02-06T09:37:23+00:00\",\"dateModified\":\"2025-03-04T14:45:42+00:00\",\"breadcrumb\":{\"@id\":\"https:\\\/\\\/alixavien.md\\\/ro\\\/product\\\/lipliner-pencil-dusty-plum\\\/#breadcrumb\"},\"inLanguage\":\"ro-RO\",\"potentialAction\":[{\"@type\":\"ReadAction\",\"target\":[[\"https:\\\/\\\/alixavien.md\\\/ro\\\/product\\\/lipliner-pencil-dusty-plum\\\/\"]]}]},{\"@type\":\"ImageObject\",\"inLanguage\":\"ro-RO\",\"@id\":\"https:\\\/\\\/alixavien.md\\\/ro\\\/product\\\/lipliner-pencil-dusty-plum\\\/#primaryimage\",\"url\":\"https:\\\/\\\/alixavien.md\\\/wp-content\\\/uploads\\\/2025\\\/02\\\/Lipliner-Pencil-Black-Dusty-Plum-min.jpg\",\"contentUrl\":\"https:\\\/\\\/alixavien.md\\\/wp-content\\\/uploads\\\/2025\\\/02\\\/Lipliner-Pencil-Black-Dusty-Plum-min.jpg\",\"width\":1000,\"height\":1000},{\"@type\":\"BreadcrumbList\",\"@id\":\"https:\\\/\\\/alixavien.md\\\/ro\\\/product\\\/lipliner-pencil-dusty-plum\\\/#breadcrumb\",\"itemListElement\":[{\"@type\":\"ListItem\",\"position\":1,\"name\":\"\u0413\u043b\u0430\u0432\u043d\u0430\u044f \u0441\u0442\u0440\u0430\u043d\u0438\u0446\u0430\",\"item\":\"https:\\\/\\\/alixavien.md\\\/ro\\\/\"},{\"@type\":\"ListItem\",\"position\":2,\"name\":\"\u041a\u0430\u0442\u0430\u043b\u043e\u0433\",\"item\":\"https:\\\/\\\/alixavien.md\\\/ro\\\/catalog\\\/\"},{\"@type\":\"ListItem\",\"position\":3,\"name\":\"Lipliner Pencil \u2013 Dusty Plum 15709\"}]},{\"@type\":\"WebSite\",\"@id\":\"https:\\\/\\\/alixavien.md\\\/ro\\\/#website\",\"url\":\"https:\\\/\\\/alixavien.md\\\/ro\\\/\",\"name\":\"Alix Avien Cosmetic - Paris\",\"description\":\"\",\"potentialAction\":[{\"@type\":\"SearchAction\",\"target\":{\"@type\":\"EntryPoint\",\"urlTemplate\":\"https:\\\/\\\/alixavien.md\\\/ro\\\/?s={search_term_string}\"},\"query-input\":{\"@type\":\"PropertyValueSpecification\",\"valueRequired\":true,\"valueName\":\"search_term_string\"}}],\"inLanguage\":\"ro-RO\"}]}<\/script>\n<!-- \/ Yoast SEO plugin. -->","yoast_head_json":{"title":"Lipliner Pencil \u2013 Dusty Plum 15709 - Alix Avien Cosmetic - Paris","robots":{"index":"index","follow":"follow","max-snippet":"max-snippet:-1","max-image-preview":"max-image-preview:large","max-video-preview":"max-video-preview:-1"},"canonical":"https:\/\/alixavien.md\/ro\/product\/lipliner-pencil-dusty-plum\/","og_locale":"ro_RO","og_type":"article","og_title":"Lipliner Pencil \u2013 Dusty Plum 15709 - Alix Avien Cosmetic - Paris","og_description":"Un creion din lemn, ascu\u021bibil, care ofer\u0103 precizie perfect\u0103 pentru o linie clar definit\u0103 a buzelor.  Formula rezistent\u0103 la ap\u0103, foarte pigmentat\u0103, ofer\u0103 o culoare mat\u0103 de lung\u0103 durat\u0103, care r\u0103m\u00e2ne adev\u0103rat\u0103. U\u0219or de aplicat, contureaz\u0103 sau umple cu precizie buzele, prevenind petele timp de 5 ore.  Disponibil \u00een 22 de culori diferite pentru a se potrivi cu produsele de buze solide \u0219i lichide Alix Avien Paris. Potrivit pentru toate tipurile. Nu contine parabeni si gluten. Testat dermatolog.","og_url":"https:\/\/alixavien.md\/ro\/product\/lipliner-pencil-dusty-plum\/","og_site_name":"Alix Avien Cosmetic - Paris","article_modified_time":"2025-03-04T14:45:42+00:00","og_image":[{"width":1000,"height":1000,"url":"https:\/\/alixavien.md\/wp-content\/uploads\/2025\/02\/Lipliner-Pencil-Black-Dusty-Plum-min.jpg","type":"image\/jpeg"}],"twitter_card":"summary_large_image","twitter_misc":{"Timp estimat pentru citire":"1 minut"},"schema":{"@context":"https:\/\/schema.org","@graph":[{"@type":"WebPage","@id":"https:\/\/alixavien.md\/ro\/product\/lipliner-pencil-dusty-plum\/","url":"https:\/\/alixavien.md\/ro\/product\/lipliner-pencil-dusty-plum\/","name":"Lipliner Pencil \u2013 Dusty Plum 15709 - Alix Avien Cosmetic - Paris","isPartOf":{"@id":"https:\/\/alixavien.md\/ro\/#website"},"primaryImageOfPage":{"@id":"https:\/\/alixavien.md\/ro\/product\/lipliner-pencil-dusty-plum\/#primaryimage"},"image":{"@id":"https:\/\/alixavien.md\/product\/lipliner-pencil-dusty-plum\/#primaryimage"},"thumbnailUrl":"https:\/\/alixavien.md\/wp-content\/uploads\/2025\/02\/Lipliner-Pencil-Black-Dusty-Plum-min.jpg","datePublished":"2025-02-06T09:37:23+00:00","dateModified":"2025-03-04T14:45:42+00:00","breadcrumb":{"@id":"https:\/\/alixavien.md\/ro\/product\/lipliner-pencil-dusty-plum\/#breadcrumb"},"inLanguage":"ro-RO","potentialAction":[{"@type":"ReadAction","target":[["https:\/\/alixavien.md\/ro\/product\/lipliner-pencil-dusty-plum\/"]]}]},{"@type":"ImageObject","inLanguage":"ro-RO","@id":"https:\/\/alixavien.md\/ro\/product\/lipliner-pencil-dusty-plum\/#primaryimage","url":"https:\/\/alixavien.md\/wp-content\/uploads\/2025\/02\/Lipliner-Pencil-Black-Dusty-Plum-min.jpg","contentUrl":"https:\/\/alixavien.md\/wp-content\/uploads\/2025\/02\/Lipliner-Pencil-Black-Dusty-Plum-min.jpg","width":1000,"height":1000},{"@type":"BreadcrumbList","@id":"https:\/\/alixavien.md\/ro\/product\/lipliner-pencil-dusty-plum\/#breadcrumb","itemListElement":[{"@type":"ListItem","position":1,"name":"\u0413\u043b\u0430\u0432\u043d\u0430\u044f \u0441\u0442\u0440\u0430\u043d\u0438\u0446\u0430","item":"https:\/\/alixavien.md\/ro\/"},{"@type":"ListItem","position":2,"name":"\u041a\u0430\u0442\u0430\u043b\u043e\u0433","item":"https:\/\/alixavien.md\/ro\/catalog\/"},{"@type":"ListItem","position":3,"name":"Lipliner Pencil \u2013 Dusty Plum 15709"}]},{"@type":"WebSite","@id":"https:\/\/alixavien.md\/ro\/#website","url":"https:\/\/alixavien.md\/ro\/","name":"Alix Avien Cosmetic - Paris","description":"","potentialAction":[{"@type":"SearchAction","target":{"@type":"EntryPoint","urlTemplate":"https:\/\/alixavien.md\/ro\/?s={search_term_string}"},"query-input":{"@type":"PropertyValueSpecification","valueRequired":true,"valueName":"search_term_string"}}],"inLanguage":"ro-RO"}]}},"_links":{"self":[{"href":"https:\/\/alixavien.md\/ro\/wp-json\/wp\/v2\/product\/28639","targetHints":{"allow":["GET"]}}],"collection":[{"href":"https:\/\/alixavien.md\/ro\/wp-json\/wp\/v2\/product"}],"about":[{"href":"https:\/\/alixavien.md\/ro\/wp-json\/wp\/v2\/types\/product"}],"version-history":[{"count":5,"href":"https:\/\/alixavien.md\/ro\/wp-json\/wp\/v2\/product\/28639\/revisions"}],"predecessor-version":[{"id":33765,"href":"https:\/\/alixavien.md\/ro\/wp-json\/wp\/v2\/product\/28639\/revisions\/33765"}],"wp:featuredmedia":[{"embeddable":true,"href":"https:\/\/alixavien.md\/ro\/wp-json\/wp\/v2\/media\/28640"}],"wp:attachment":[{"href":"https:\/\/alixavien.md\/ro\/wp-json\/wp\/v2\/media?parent=28639"}],"wp:term":[{"taxonomy":"product_brand","embeddable":true,"href":"https:\/\/alixavien.md\/ro\/wp-json\/wp\/v2\/product_brand?post=28639"},{"taxonomy":"product_cat","embeddable":true,"href":"https:\/\/alixavien.md\/ro\/wp-json\/wp\/v2\/product_cat?post=28639"},{"taxonomy":"product_tag","embeddable":true,"href":"https:\/\/alixavien.md\/ro\/wp-json\/wp\/v2\/product_tag?post=28639"}],"curies":[{"name":"wp","href":"https:\/\/api.w.org\/{rel}","templated":true}]}}