{"id":28087,"date":"2025-02-05T15:36:22","date_gmt":"2025-02-05T15:36:22","guid":{"rendered":"https:\/\/alixavien.md\/?post_type=product&#038;p=28087"},"modified":"2025-02-25T21:39:00","modified_gmt":"2025-02-25T21:39:00","slug":"ink-liner-black","status":"publish","type":"product","link":"https:\/\/alixavien.md\/ro\/product\/ink-liner-black\/","title":{"rendered":"Ink Liner \u2013 Black 03157"},"content":{"rendered":"","protected":false},"excerpt":{"rendered":"<p>Un creion de ochi lichid de mare intensitate, cu un v\u00e2rf de p\u00e2sl\u0103, care este versatil pentru a crea o varietate de look-uri \u0219i ofer\u0103 o culoare precis\u0103, intens\u0103, care dureaz\u0103 p\u00e2n\u0103 la 24 de ore.<\/p>\n<p>Aceast\u0103 c\u0103ptu\u0219eal\u0103 de cerneal\u0103 a fost conceput\u0103 pentru a oferi un control complet \u0219i linii curate impecabile, cu o rezisten\u021b\u0103 mare. Formula cu uscare rapid\u0103 alunec\u0103 f\u0103r\u0103 efort, f\u0103r\u0103 a picura sau a s\u00e2ngera, pentru o acoperire rezistent\u0103 la ap\u0103, pete \u0219i transfer.<\/p>\n<p>\u00cembog\u0103\u021bit cu pigment de negru de fum care creeaz\u0103 o acoperire optim\u0103 \u0219i complet\u0103 \u00een cea mai neagr\u0103 culoare. V\u00e2rful moale \u0219i flexibil permite conturarea precis\u0103 dintr-o singur\u0103 mi\u0219care, urm\u0103rind curbele ochilor pentru a crea orice tip de linie, de la sub\u021bire la groas\u0103.<\/p>\n<p>Potrivit pentru toate tipurile de piele.<br \/>\nNu contine parabeni si gluten.<br \/>\nTestat dermatolog.<br \/>\nTestat oftalmolog.<\/p>\n","protected":false},"featured_media":28092,"template":"","meta":[],"product_brand":[],"product_cat":[272],"product_tag":[],"class_list":{"0":"post-28087","1":"product","2":"type-product","3":"status-publish","4":"has-post-thumbnail","6":"product_cat-eyeliner-diplinere","8":"first","9":"instock","10":"shipping-taxable","11":"purchasable","12":"product-type-simple"},"yoast_head":"<!-- This site is optimized with the Yoast SEO plugin v27.6 - https:\/\/yoast.com\/product\/yoast-seo-wordpress\/ -->\n<title>Ink Liner \u2013 Black 03157 - Alix Avien Cosmetic - Paris<\/title>\n<meta name=\"robots\" content=\"index, follow, max-snippet:-1, max-image-preview:large, max-video-preview:-1\" \/>\n<link rel=\"canonical\" href=\"https:\/\/alixavien.md\/ro\/product\/ink-liner-black\/\" \/>\n<meta property=\"og:locale\" content=\"ro_RO\" \/>\n<meta property=\"og:type\" content=\"article\" \/>\n<meta property=\"og:title\" content=\"Ink Liner \u2013 Black 03157 - Alix Avien Cosmetic - Paris\" \/>\n<meta property=\"og:description\" content=\"Un creion de ochi lichid de mare intensitate, cu un v\u00e2rf de p\u00e2sl\u0103, care este versatil pentru a crea o varietate de look-uri \u0219i ofer\u0103 o culoare precis\u0103, intens\u0103, care dureaz\u0103 p\u00e2n\u0103 la 24 de ore.  Aceast\u0103 c\u0103ptu\u0219eal\u0103 de cerneal\u0103 a fost conceput\u0103 pentru a oferi un control complet \u0219i linii curate impecabile, cu o rezisten\u021b\u0103 mare. Formula cu uscare rapid\u0103 alunec\u0103 f\u0103r\u0103 efort, f\u0103r\u0103 a picura sau a s\u00e2ngera, pentru o acoperire rezistent\u0103 la ap\u0103, pete \u0219i transfer.  \u00cembog\u0103\u021bit cu pigment de negru de fum care creeaz\u0103 o acoperire optim\u0103 \u0219i complet\u0103 \u00een cea mai neagr\u0103 culoare. V\u00e2rful moale \u0219i flexibil permite conturarea precis\u0103 dintr-o singur\u0103 mi\u0219care, urm\u0103rind curbele ochilor pentru a crea orice tip de linie, de la sub\u021bire la groas\u0103.  Potrivit pentru toate tipurile de piele. Nu contine parabeni si gluten. Testat dermatolog. Testat oftalmolog.\" \/>\n<meta property=\"og:url\" content=\"https:\/\/alixavien.md\/ro\/product\/ink-liner-black\/\" \/>\n<meta property=\"og:site_name\" content=\"Alix Avien Cosmetic - Paris\" \/>\n<meta property=\"article:modified_time\" content=\"2025-02-25T21:39:00+00:00\" \/>\n<meta property=\"og:image\" content=\"https:\/\/alixavien.md\/wp-content\/uploads\/2025\/02\/Inkliner-Black-min.jpg\" \/>\n\t<meta property=\"og:image:width\" content=\"1000\" \/>\n\t<meta property=\"og:image:height\" content=\"1000\" \/>\n\t<meta property=\"og:image:type\" content=\"image\/jpeg\" \/>\n<meta name=\"twitter:card\" content=\"summary_large_image\" \/>\n<meta name=\"twitter:label1\" content=\"Timp estimat pentru citire\" \/>\n\t<meta name=\"twitter:data1\" content=\"1 minut\" \/>\n<script type=\"application\/ld+json\" class=\"yoast-schema-graph\">{\"@context\":\"https:\\\/\\\/schema.org\",\"@graph\":[{\"@type\":\"WebPage\",\"@id\":\"https:\\\/\\\/alixavien.md\\\/ro\\\/product\\\/ink-liner-black\\\/\",\"url\":\"https:\\\/\\\/alixavien.md\\\/ro\\\/product\\\/ink-liner-black\\\/\",\"name\":\"Ink Liner \u2013 Black 03157 - Alix Avien Cosmetic - Paris\",\"isPartOf\":{\"@id\":\"https:\\\/\\\/alixavien.md\\\/ro\\\/#website\"},\"primaryImageOfPage\":{\"@id\":\"https:\\\/\\\/alixavien.md\\\/ro\\\/product\\\/ink-liner-black\\\/#primaryimage\"},\"image\":{\"@id\":\"https:\\\/\\\/alixavien.md\\\/product\\\/ink-liner-black\\\/#primaryimage\"},\"thumbnailUrl\":\"https:\\\/\\\/alixavien.md\\\/wp-content\\\/uploads\\\/2025\\\/02\\\/Inkliner-Black-min.jpg\",\"datePublished\":\"2025-02-05T15:36:22+00:00\",\"dateModified\":\"2025-02-25T21:39:00+00:00\",\"breadcrumb\":{\"@id\":\"https:\\\/\\\/alixavien.md\\\/ro\\\/product\\\/ink-liner-black\\\/#breadcrumb\"},\"inLanguage\":\"ro-RO\",\"potentialAction\":[{\"@type\":\"ReadAction\",\"target\":[[\"https:\\\/\\\/alixavien.md\\\/ro\\\/product\\\/ink-liner-black\\\/\"]]}]},{\"@type\":\"ImageObject\",\"inLanguage\":\"ro-RO\",\"@id\":\"https:\\\/\\\/alixavien.md\\\/ro\\\/product\\\/ink-liner-black\\\/#primaryimage\",\"url\":\"https:\\\/\\\/alixavien.md\\\/wp-content\\\/uploads\\\/2025\\\/02\\\/Inkliner-Black-min.jpg\",\"contentUrl\":\"https:\\\/\\\/alixavien.md\\\/wp-content\\\/uploads\\\/2025\\\/02\\\/Inkliner-Black-min.jpg\",\"width\":1000,\"height\":1000},{\"@type\":\"BreadcrumbList\",\"@id\":\"https:\\\/\\\/alixavien.md\\\/ro\\\/product\\\/ink-liner-black\\\/#breadcrumb\",\"itemListElement\":[{\"@type\":\"ListItem\",\"position\":1,\"name\":\"\u0413\u043b\u0430\u0432\u043d\u0430\u044f \u0441\u0442\u0440\u0430\u043d\u0438\u0446\u0430\",\"item\":\"https:\\\/\\\/alixavien.md\\\/ro\\\/\"},{\"@type\":\"ListItem\",\"position\":2,\"name\":\"\u041a\u0430\u0442\u0430\u043b\u043e\u0433\",\"item\":\"https:\\\/\\\/alixavien.md\\\/ro\\\/catalog\\\/\"},{\"@type\":\"ListItem\",\"position\":3,\"name\":\"Ink Liner \u2013 Black 03157\"}]},{\"@type\":\"WebSite\",\"@id\":\"https:\\\/\\\/alixavien.md\\\/ro\\\/#website\",\"url\":\"https:\\\/\\\/alixavien.md\\\/ro\\\/\",\"name\":\"Alix Avien Cosmetic - Paris\",\"description\":\"\",\"potentialAction\":[{\"@type\":\"SearchAction\",\"target\":{\"@type\":\"EntryPoint\",\"urlTemplate\":\"https:\\\/\\\/alixavien.md\\\/ro\\\/?s={search_term_string}\"},\"query-input\":{\"@type\":\"PropertyValueSpecification\",\"valueRequired\":true,\"valueName\":\"search_term_string\"}}],\"inLanguage\":\"ro-RO\"}]}<\/script>\n<!-- \/ Yoast SEO plugin. -->","yoast_head_json":{"title":"Ink Liner \u2013 Black 03157 - Alix Avien Cosmetic - Paris","robots":{"index":"index","follow":"follow","max-snippet":"max-snippet:-1","max-image-preview":"max-image-preview:large","max-video-preview":"max-video-preview:-1"},"canonical":"https:\/\/alixavien.md\/ro\/product\/ink-liner-black\/","og_locale":"ro_RO","og_type":"article","og_title":"Ink Liner \u2013 Black 03157 - Alix Avien Cosmetic - Paris","og_description":"Un creion de ochi lichid de mare intensitate, cu un v\u00e2rf de p\u00e2sl\u0103, care este versatil pentru a crea o varietate de look-uri \u0219i ofer\u0103 o culoare precis\u0103, intens\u0103, care dureaz\u0103 p\u00e2n\u0103 la 24 de ore.  Aceast\u0103 c\u0103ptu\u0219eal\u0103 de cerneal\u0103 a fost conceput\u0103 pentru a oferi un control complet \u0219i linii curate impecabile, cu o rezisten\u021b\u0103 mare. Formula cu uscare rapid\u0103 alunec\u0103 f\u0103r\u0103 efort, f\u0103r\u0103 a picura sau a s\u00e2ngera, pentru o acoperire rezistent\u0103 la ap\u0103, pete \u0219i transfer.  \u00cembog\u0103\u021bit cu pigment de negru de fum care creeaz\u0103 o acoperire optim\u0103 \u0219i complet\u0103 \u00een cea mai neagr\u0103 culoare. V\u00e2rful moale \u0219i flexibil permite conturarea precis\u0103 dintr-o singur\u0103 mi\u0219care, urm\u0103rind curbele ochilor pentru a crea orice tip de linie, de la sub\u021bire la groas\u0103.  Potrivit pentru toate tipurile de piele. Nu contine parabeni si gluten. Testat dermatolog. Testat oftalmolog.","og_url":"https:\/\/alixavien.md\/ro\/product\/ink-liner-black\/","og_site_name":"Alix Avien Cosmetic - Paris","article_modified_time":"2025-02-25T21:39:00+00:00","og_image":[{"width":1000,"height":1000,"url":"https:\/\/alixavien.md\/wp-content\/uploads\/2025\/02\/Inkliner-Black-min.jpg","type":"image\/jpeg"}],"twitter_card":"summary_large_image","twitter_misc":{"Timp estimat pentru citire":"1 minut"},"schema":{"@context":"https:\/\/schema.org","@graph":[{"@type":"WebPage","@id":"https:\/\/alixavien.md\/ro\/product\/ink-liner-black\/","url":"https:\/\/alixavien.md\/ro\/product\/ink-liner-black\/","name":"Ink Liner \u2013 Black 03157 - Alix Avien Cosmetic - Paris","isPartOf":{"@id":"https:\/\/alixavien.md\/ro\/#website"},"primaryImageOfPage":{"@id":"https:\/\/alixavien.md\/ro\/product\/ink-liner-black\/#primaryimage"},"image":{"@id":"https:\/\/alixavien.md\/product\/ink-liner-black\/#primaryimage"},"thumbnailUrl":"https:\/\/alixavien.md\/wp-content\/uploads\/2025\/02\/Inkliner-Black-min.jpg","datePublished":"2025-02-05T15:36:22+00:00","dateModified":"2025-02-25T21:39:00+00:00","breadcrumb":{"@id":"https:\/\/alixavien.md\/ro\/product\/ink-liner-black\/#breadcrumb"},"inLanguage":"ro-RO","potentialAction":[{"@type":"ReadAction","target":[["https:\/\/alixavien.md\/ro\/product\/ink-liner-black\/"]]}]},{"@type":"ImageObject","inLanguage":"ro-RO","@id":"https:\/\/alixavien.md\/ro\/product\/ink-liner-black\/#primaryimage","url":"https:\/\/alixavien.md\/wp-content\/uploads\/2025\/02\/Inkliner-Black-min.jpg","contentUrl":"https:\/\/alixavien.md\/wp-content\/uploads\/2025\/02\/Inkliner-Black-min.jpg","width":1000,"height":1000},{"@type":"BreadcrumbList","@id":"https:\/\/alixavien.md\/ro\/product\/ink-liner-black\/#breadcrumb","itemListElement":[{"@type":"ListItem","position":1,"name":"\u0413\u043b\u0430\u0432\u043d\u0430\u044f \u0441\u0442\u0440\u0430\u043d\u0438\u0446\u0430","item":"https:\/\/alixavien.md\/ro\/"},{"@type":"ListItem","position":2,"name":"\u041a\u0430\u0442\u0430\u043b\u043e\u0433","item":"https:\/\/alixavien.md\/ro\/catalog\/"},{"@type":"ListItem","position":3,"name":"Ink Liner \u2013 Black 03157"}]},{"@type":"WebSite","@id":"https:\/\/alixavien.md\/ro\/#website","url":"https:\/\/alixavien.md\/ro\/","name":"Alix Avien Cosmetic - Paris","description":"","potentialAction":[{"@type":"SearchAction","target":{"@type":"EntryPoint","urlTemplate":"https:\/\/alixavien.md\/ro\/?s={search_term_string}"},"query-input":{"@type":"PropertyValueSpecification","valueRequired":true,"valueName":"search_term_string"}}],"inLanguage":"ro-RO"}]}},"_links":{"self":[{"href":"https:\/\/alixavien.md\/ro\/wp-json\/wp\/v2\/product\/28087","targetHints":{"allow":["GET"]}}],"collection":[{"href":"https:\/\/alixavien.md\/ro\/wp-json\/wp\/v2\/product"}],"about":[{"href":"https:\/\/alixavien.md\/ro\/wp-json\/wp\/v2\/types\/product"}],"version-history":[{"count":4,"href":"https:\/\/alixavien.md\/ro\/wp-json\/wp\/v2\/product\/28087\/revisions"}],"predecessor-version":[{"id":33698,"href":"https:\/\/alixavien.md\/ro\/wp-json\/wp\/v2\/product\/28087\/revisions\/33698"}],"wp:featuredmedia":[{"embeddable":true,"href":"https:\/\/alixavien.md\/ro\/wp-json\/wp\/v2\/media\/28092"}],"wp:attachment":[{"href":"https:\/\/alixavien.md\/ro\/wp-json\/wp\/v2\/media?parent=28087"}],"wp:term":[{"taxonomy":"product_brand","embeddable":true,"href":"https:\/\/alixavien.md\/ro\/wp-json\/wp\/v2\/product_brand?post=28087"},{"taxonomy":"product_cat","embeddable":true,"href":"https:\/\/alixavien.md\/ro\/wp-json\/wp\/v2\/product_cat?post=28087"},{"taxonomy":"product_tag","embeddable":true,"href":"https:\/\/alixavien.md\/ro\/wp-json\/wp\/v2\/product_tag?post=28087"}],"curies":[{"name":"wp","href":"https:\/\/api.w.org\/{rel}","templated":true}]}}