{"id":28034,"date":"2025-02-05T15:06:54","date_gmt":"2025-02-05T15:06:54","guid":{"rendered":"https:\/\/alixavien.md\/?post_type=product&#038;p=28034"},"modified":"2025-02-25T04:44:04","modified_gmt":"2025-02-25T04:44:04","slug":"extreme-lasting-effect-eye-pencil-eggplant","status":"publish","type":"product","link":"https:\/\/alixavien.md\/ro\/product\/extreme-lasting-effect-eye-pencil-eggplant\/","title":{"rendered":"Extreme Lasting Effect Eye Pencil \u2013 Eggplant 17703"},"content":{"rendered":"","protected":false},"excerpt":{"rendered":"<p>Cel mai bun creion pentru ochi din lemn a fost conceput pentru a c\u0103ptu\u0219i, eviden\u021bia \u0219i umbrea ochii.<\/p>\n<p>Usor de amestecat, rezistent la pete si fara urme, Creionul pentru Ochi Extreme Lasting Effect Black se aplica impecabil si ofera o culoare profunda care defineste cu precizie ochii. O combina\u021bie echilibrat\u0103 de ingrediente active speciale ofer\u0103 un rezultat de durat\u0103 de p\u00e2n\u0103 la 13 ore.<\/p>\n<p>Perfect ca creion de ochi \u00eendr\u0103zne\u021b sau pentru un aspect de ochi fumuriu, f\u0103r\u0103 decolorare sau pete. Ideal pentru purtare pe tot parcursul zilei, dureaz\u0103 p\u00e2n\u0103 la 13 ore. Formula super confortabil\u0103 este u\u0219or de \u00eendep\u0103rtat.<\/p>\n<p>Potrivit pentru toate tipurile de piele.<br \/>\nNu contine parabeni si gluten.<br \/>\nTestat dermatologic.<br \/>\nA trecut testul oftalmologic.<\/p>\n","protected":false},"featured_media":28035,"template":"","meta":[],"product_brand":[],"product_cat":[272],"product_tag":[],"class_list":{"0":"post-28034","1":"product","2":"type-product","3":"status-publish","4":"has-post-thumbnail","6":"product_cat-eyeliner-diplinere","8":"first","9":"instock","10":"shipping-taxable","11":"purchasable","12":"product-type-simple"},"yoast_head":"<!-- This site is optimized with the Yoast SEO plugin v27.6 - https:\/\/yoast.com\/product\/yoast-seo-wordpress\/ -->\n<title>Extreme Lasting Effect Eye Pencil \u2013 Eggplant 17703 - Alix Avien Cosmetic - Paris<\/title>\n<meta name=\"robots\" content=\"index, follow, max-snippet:-1, max-image-preview:large, max-video-preview:-1\" \/>\n<link rel=\"canonical\" href=\"https:\/\/alixavien.md\/ro\/product\/extreme-lasting-effect-eye-pencil-eggplant\/\" \/>\n<meta property=\"og:locale\" content=\"ro_RO\" \/>\n<meta property=\"og:type\" content=\"article\" \/>\n<meta property=\"og:title\" content=\"Extreme Lasting Effect Eye Pencil \u2013 Eggplant 17703 - Alix Avien Cosmetic - Paris\" \/>\n<meta property=\"og:description\" content=\"Cel mai bun creion pentru ochi din lemn a fost conceput pentru a c\u0103ptu\u0219i, eviden\u021bia \u0219i umbrea ochii.  Usor de amestecat, rezistent la pete si fara urme, Creionul pentru Ochi Extreme Lasting Effect Black se aplica impecabil si ofera o culoare profunda care defineste cu precizie ochii. O combina\u021bie echilibrat\u0103 de ingrediente active speciale ofer\u0103 un rezultat de durat\u0103 de p\u00e2n\u0103 la 13 ore.  Perfect ca creion de ochi \u00eendr\u0103zne\u021b sau pentru un aspect de ochi fumuriu, f\u0103r\u0103 decolorare sau pete. Ideal pentru purtare pe tot parcursul zilei, dureaz\u0103 p\u00e2n\u0103 la 13 ore. Formula super confortabil\u0103 este u\u0219or de \u00eendep\u0103rtat.  Potrivit pentru toate tipurile de piele. Nu contine parabeni si gluten. Testat dermatologic. A trecut testul oftalmologic.\" \/>\n<meta property=\"og:url\" content=\"https:\/\/alixavien.md\/ro\/product\/extreme-lasting-effect-eye-pencil-eggplant\/\" \/>\n<meta property=\"og:site_name\" content=\"Alix Avien Cosmetic - Paris\" \/>\n<meta property=\"article:modified_time\" content=\"2025-02-25T04:44:04+00:00\" \/>\n<meta property=\"og:image\" content=\"https:\/\/alixavien.md\/wp-content\/uploads\/2025\/02\/Extreme-Lasting-Effect-Eye-Pencil-Eggplant-min.jpg\" \/>\n\t<meta property=\"og:image:width\" content=\"1000\" \/>\n\t<meta property=\"og:image:height\" content=\"1000\" \/>\n\t<meta property=\"og:image:type\" content=\"image\/jpeg\" \/>\n<meta name=\"twitter:card\" content=\"summary_large_image\" \/>\n<meta name=\"twitter:label1\" content=\"Timp estimat pentru citire\" \/>\n\t<meta name=\"twitter:data1\" content=\"1 minut\" \/>\n<script type=\"application\/ld+json\" class=\"yoast-schema-graph\">{\"@context\":\"https:\\\/\\\/schema.org\",\"@graph\":[{\"@type\":\"WebPage\",\"@id\":\"https:\\\/\\\/alixavien.md\\\/ro\\\/product\\\/extreme-lasting-effect-eye-pencil-eggplant\\\/\",\"url\":\"https:\\\/\\\/alixavien.md\\\/ro\\\/product\\\/extreme-lasting-effect-eye-pencil-eggplant\\\/\",\"name\":\"Extreme Lasting Effect Eye Pencil \u2013 Eggplant 17703 - Alix Avien Cosmetic - Paris\",\"isPartOf\":{\"@id\":\"https:\\\/\\\/alixavien.md\\\/ro\\\/#website\"},\"primaryImageOfPage\":{\"@id\":\"https:\\\/\\\/alixavien.md\\\/ro\\\/product\\\/extreme-lasting-effect-eye-pencil-eggplant\\\/#primaryimage\"},\"image\":{\"@id\":\"https:\\\/\\\/alixavien.md\\\/product\\\/extreme-lasting-effect-eye-pencil-eggplant\\\/#primaryimage\"},\"thumbnailUrl\":\"https:\\\/\\\/alixavien.md\\\/wp-content\\\/uploads\\\/2025\\\/02\\\/Extreme-Lasting-Effect-Eye-Pencil-Eggplant-min.jpg\",\"datePublished\":\"2025-02-05T15:06:54+00:00\",\"dateModified\":\"2025-02-25T04:44:04+00:00\",\"breadcrumb\":{\"@id\":\"https:\\\/\\\/alixavien.md\\\/ro\\\/product\\\/extreme-lasting-effect-eye-pencil-eggplant\\\/#breadcrumb\"},\"inLanguage\":\"ro-RO\",\"potentialAction\":[{\"@type\":\"ReadAction\",\"target\":[[\"https:\\\/\\\/alixavien.md\\\/ro\\\/product\\\/extreme-lasting-effect-eye-pencil-eggplant\\\/\"]]}]},{\"@type\":\"ImageObject\",\"inLanguage\":\"ro-RO\",\"@id\":\"https:\\\/\\\/alixavien.md\\\/ro\\\/product\\\/extreme-lasting-effect-eye-pencil-eggplant\\\/#primaryimage\",\"url\":\"https:\\\/\\\/alixavien.md\\\/wp-content\\\/uploads\\\/2025\\\/02\\\/Extreme-Lasting-Effect-Eye-Pencil-Eggplant-min.jpg\",\"contentUrl\":\"https:\\\/\\\/alixavien.md\\\/wp-content\\\/uploads\\\/2025\\\/02\\\/Extreme-Lasting-Effect-Eye-Pencil-Eggplant-min.jpg\",\"width\":1000,\"height\":1000},{\"@type\":\"BreadcrumbList\",\"@id\":\"https:\\\/\\\/alixavien.md\\\/ro\\\/product\\\/extreme-lasting-effect-eye-pencil-eggplant\\\/#breadcrumb\",\"itemListElement\":[{\"@type\":\"ListItem\",\"position\":1,\"name\":\"\u0413\u043b\u0430\u0432\u043d\u0430\u044f \u0441\u0442\u0440\u0430\u043d\u0438\u0446\u0430\",\"item\":\"https:\\\/\\\/alixavien.md\\\/ro\\\/\"},{\"@type\":\"ListItem\",\"position\":2,\"name\":\"\u041a\u0430\u0442\u0430\u043b\u043e\u0433\",\"item\":\"https:\\\/\\\/alixavien.md\\\/ro\\\/catalog\\\/\"},{\"@type\":\"ListItem\",\"position\":3,\"name\":\"Extreme Lasting Effect Eye Pencil \u2013 Eggplant 17703\"}]},{\"@type\":\"WebSite\",\"@id\":\"https:\\\/\\\/alixavien.md\\\/ro\\\/#website\",\"url\":\"https:\\\/\\\/alixavien.md\\\/ro\\\/\",\"name\":\"Alix Avien Cosmetic - Paris\",\"description\":\"\",\"potentialAction\":[{\"@type\":\"SearchAction\",\"target\":{\"@type\":\"EntryPoint\",\"urlTemplate\":\"https:\\\/\\\/alixavien.md\\\/ro\\\/?s={search_term_string}\"},\"query-input\":{\"@type\":\"PropertyValueSpecification\",\"valueRequired\":true,\"valueName\":\"search_term_string\"}}],\"inLanguage\":\"ro-RO\"}]}<\/script>\n<!-- \/ Yoast SEO plugin. -->","yoast_head_json":{"title":"Extreme Lasting Effect Eye Pencil \u2013 Eggplant 17703 - Alix Avien Cosmetic - Paris","robots":{"index":"index","follow":"follow","max-snippet":"max-snippet:-1","max-image-preview":"max-image-preview:large","max-video-preview":"max-video-preview:-1"},"canonical":"https:\/\/alixavien.md\/ro\/product\/extreme-lasting-effect-eye-pencil-eggplant\/","og_locale":"ro_RO","og_type":"article","og_title":"Extreme Lasting Effect Eye Pencil \u2013 Eggplant 17703 - Alix Avien Cosmetic - Paris","og_description":"Cel mai bun creion pentru ochi din lemn a fost conceput pentru a c\u0103ptu\u0219i, eviden\u021bia \u0219i umbrea ochii.  Usor de amestecat, rezistent la pete si fara urme, Creionul pentru Ochi Extreme Lasting Effect Black se aplica impecabil si ofera o culoare profunda care defineste cu precizie ochii. O combina\u021bie echilibrat\u0103 de ingrediente active speciale ofer\u0103 un rezultat de durat\u0103 de p\u00e2n\u0103 la 13 ore.  Perfect ca creion de ochi \u00eendr\u0103zne\u021b sau pentru un aspect de ochi fumuriu, f\u0103r\u0103 decolorare sau pete. Ideal pentru purtare pe tot parcursul zilei, dureaz\u0103 p\u00e2n\u0103 la 13 ore. Formula super confortabil\u0103 este u\u0219or de \u00eendep\u0103rtat.  Potrivit pentru toate tipurile de piele. Nu contine parabeni si gluten. Testat dermatologic. A trecut testul oftalmologic.","og_url":"https:\/\/alixavien.md\/ro\/product\/extreme-lasting-effect-eye-pencil-eggplant\/","og_site_name":"Alix Avien Cosmetic - Paris","article_modified_time":"2025-02-25T04:44:04+00:00","og_image":[{"width":1000,"height":1000,"url":"https:\/\/alixavien.md\/wp-content\/uploads\/2025\/02\/Extreme-Lasting-Effect-Eye-Pencil-Eggplant-min.jpg","type":"image\/jpeg"}],"twitter_card":"summary_large_image","twitter_misc":{"Timp estimat pentru citire":"1 minut"},"schema":{"@context":"https:\/\/schema.org","@graph":[{"@type":"WebPage","@id":"https:\/\/alixavien.md\/ro\/product\/extreme-lasting-effect-eye-pencil-eggplant\/","url":"https:\/\/alixavien.md\/ro\/product\/extreme-lasting-effect-eye-pencil-eggplant\/","name":"Extreme Lasting Effect Eye Pencil \u2013 Eggplant 17703 - Alix Avien Cosmetic - Paris","isPartOf":{"@id":"https:\/\/alixavien.md\/ro\/#website"},"primaryImageOfPage":{"@id":"https:\/\/alixavien.md\/ro\/product\/extreme-lasting-effect-eye-pencil-eggplant\/#primaryimage"},"image":{"@id":"https:\/\/alixavien.md\/product\/extreme-lasting-effect-eye-pencil-eggplant\/#primaryimage"},"thumbnailUrl":"https:\/\/alixavien.md\/wp-content\/uploads\/2025\/02\/Extreme-Lasting-Effect-Eye-Pencil-Eggplant-min.jpg","datePublished":"2025-02-05T15:06:54+00:00","dateModified":"2025-02-25T04:44:04+00:00","breadcrumb":{"@id":"https:\/\/alixavien.md\/ro\/product\/extreme-lasting-effect-eye-pencil-eggplant\/#breadcrumb"},"inLanguage":"ro-RO","potentialAction":[{"@type":"ReadAction","target":[["https:\/\/alixavien.md\/ro\/product\/extreme-lasting-effect-eye-pencil-eggplant\/"]]}]},{"@type":"ImageObject","inLanguage":"ro-RO","@id":"https:\/\/alixavien.md\/ro\/product\/extreme-lasting-effect-eye-pencil-eggplant\/#primaryimage","url":"https:\/\/alixavien.md\/wp-content\/uploads\/2025\/02\/Extreme-Lasting-Effect-Eye-Pencil-Eggplant-min.jpg","contentUrl":"https:\/\/alixavien.md\/wp-content\/uploads\/2025\/02\/Extreme-Lasting-Effect-Eye-Pencil-Eggplant-min.jpg","width":1000,"height":1000},{"@type":"BreadcrumbList","@id":"https:\/\/alixavien.md\/ro\/product\/extreme-lasting-effect-eye-pencil-eggplant\/#breadcrumb","itemListElement":[{"@type":"ListItem","position":1,"name":"\u0413\u043b\u0430\u0432\u043d\u0430\u044f \u0441\u0442\u0440\u0430\u043d\u0438\u0446\u0430","item":"https:\/\/alixavien.md\/ro\/"},{"@type":"ListItem","position":2,"name":"\u041a\u0430\u0442\u0430\u043b\u043e\u0433","item":"https:\/\/alixavien.md\/ro\/catalog\/"},{"@type":"ListItem","position":3,"name":"Extreme Lasting Effect Eye Pencil \u2013 Eggplant 17703"}]},{"@type":"WebSite","@id":"https:\/\/alixavien.md\/ro\/#website","url":"https:\/\/alixavien.md\/ro\/","name":"Alix Avien Cosmetic - Paris","description":"","potentialAction":[{"@type":"SearchAction","target":{"@type":"EntryPoint","urlTemplate":"https:\/\/alixavien.md\/ro\/?s={search_term_string}"},"query-input":{"@type":"PropertyValueSpecification","valueRequired":true,"valueName":"search_term_string"}}],"inLanguage":"ro-RO"}]}},"_links":{"self":[{"href":"https:\/\/alixavien.md\/ro\/wp-json\/wp\/v2\/product\/28034","targetHints":{"allow":["GET"]}}],"collection":[{"href":"https:\/\/alixavien.md\/ro\/wp-json\/wp\/v2\/product"}],"about":[{"href":"https:\/\/alixavien.md\/ro\/wp-json\/wp\/v2\/types\/product"}],"version-history":[{"count":4,"href":"https:\/\/alixavien.md\/ro\/wp-json\/wp\/v2\/product\/28034\/revisions"}],"predecessor-version":[{"id":33666,"href":"https:\/\/alixavien.md\/ro\/wp-json\/wp\/v2\/product\/28034\/revisions\/33666"}],"wp:featuredmedia":[{"embeddable":true,"href":"https:\/\/alixavien.md\/ro\/wp-json\/wp\/v2\/media\/28035"}],"wp:attachment":[{"href":"https:\/\/alixavien.md\/ro\/wp-json\/wp\/v2\/media?parent=28034"}],"wp:term":[{"taxonomy":"product_brand","embeddable":true,"href":"https:\/\/alixavien.md\/ro\/wp-json\/wp\/v2\/product_brand?post=28034"},{"taxonomy":"product_cat","embeddable":true,"href":"https:\/\/alixavien.md\/ro\/wp-json\/wp\/v2\/product_cat?post=28034"},{"taxonomy":"product_tag","embeddable":true,"href":"https:\/\/alixavien.md\/ro\/wp-json\/wp\/v2\/product_tag?post=28034"}],"curies":[{"name":"wp","href":"https:\/\/api.w.org\/{rel}","templated":true}]}}