{"id":28015,"date":"2025-02-05T15:02:32","date_gmt":"2025-02-05T15:02:32","guid":{"rendered":"https:\/\/alixavien.md\/?post_type=product&#038;p=28015"},"modified":"2025-02-25T04:38:02","modified_gmt":"2025-02-25T04:38:02","slug":"black-matte-dipliner","status":"publish","type":"product","link":"https:\/\/alixavien.md\/ro\/product\/black-matte-dipliner\/","title":{"rendered":"Black Matte Dipliner 17215"},"content":{"rendered":"","protected":false},"excerpt":{"rendered":"<p>Un creion de ochi lichid conceput pentru a ad\u0103uga o \u00eenalt\u0103 defini\u021bie \u0219i profunzime machiajului ochilor t\u0103i, oferind ochilor linii perfecte \u0219i un finisaj mat frumos.<\/p>\n<p>Textura u\u0219oar\u0103 se usuc\u0103 rapid pentru a oferi o intensitate ridicat\u0103 a culorii \u0219i o nuan\u021b\u0103 bogat\u0103 \u0219i profund\u0103, care este rezistent\u0103 la ap\u0103, transfer, transpira\u021bie \u0219i pete. Formula alunec\u0103 lin pe piele \u00eentr-o singur\u0103 mi\u0219care pentru un finisaj negru mat \u0219i profund. Creionul de ochi cu durat\u0103 ultra lung\u0103 rezist\u0103 p\u00e2n\u0103 la 17 ore chiar \u0219i \u00een cele mai extreme condi\u021bii &#8211; rezistent la cele mai calde \u0219i umede medii.<\/p>\n<p>Un amestec de pantenol, ceramide \u0219i hialuronat de sodiu ofer\u0103 pielii hidratare pentru a condi\u021biona, \u00eenmuia \u0219i hidrata. Dispun\u00e2nd de un aplicator din p\u00e2sl\u0103 moale, Black Matte Dipliner ofer\u0103 o aplicare precis\u0103, f\u0103r\u0103 erori pentru toat\u0103 lumea, de la \u00eencep\u0103tori la profesioni\u0219ti.<\/p>\n<p>Potrivit pentru toate tipurile de piele \u0219i ochi sensibili.<br \/>\nNu contine parabeni si gluten.<br \/>\nTestat dermatolog.<br \/>\nTestat oftalmolog.<\/p>\n","protected":false},"featured_media":28016,"template":"","meta":[],"product_brand":[],"product_cat":[272],"product_tag":[],"class_list":{"0":"post-28015","1":"product","2":"type-product","3":"status-publish","4":"has-post-thumbnail","6":"product_cat-eyeliner-diplinere","8":"first","9":"instock","10":"shipping-taxable","11":"purchasable","12":"product-type-simple"},"yoast_head":"<!-- This site is optimized with the Yoast SEO plugin v27.6 - https:\/\/yoast.com\/product\/yoast-seo-wordpress\/ -->\n<title>Black Matte Dipliner 17215 - Alix Avien Cosmetic - Paris<\/title>\n<meta name=\"robots\" content=\"index, follow, max-snippet:-1, max-image-preview:large, max-video-preview:-1\" \/>\n<link rel=\"canonical\" href=\"https:\/\/alixavien.md\/ro\/product\/black-matte-dipliner\/\" \/>\n<meta property=\"og:locale\" content=\"ro_RO\" \/>\n<meta property=\"og:type\" content=\"article\" \/>\n<meta property=\"og:title\" content=\"Black Matte Dipliner 17215 - Alix Avien Cosmetic - Paris\" \/>\n<meta property=\"og:description\" content=\"Un creion de ochi lichid conceput pentru a ad\u0103uga o \u00eenalt\u0103 defini\u021bie \u0219i profunzime machiajului ochilor t\u0103i, oferind ochilor linii perfecte \u0219i un finisaj mat frumos.  Textura u\u0219oar\u0103 se usuc\u0103 rapid pentru a oferi o intensitate ridicat\u0103 a culorii \u0219i o nuan\u021b\u0103 bogat\u0103 \u0219i profund\u0103, care este rezistent\u0103 la ap\u0103, transfer, transpira\u021bie \u0219i pete. Formula alunec\u0103 lin pe piele \u00eentr-o singur\u0103 mi\u0219care pentru un finisaj negru mat \u0219i profund. Creionul de ochi cu durat\u0103 ultra lung\u0103 rezist\u0103 p\u00e2n\u0103 la 17 ore chiar \u0219i \u00een cele mai extreme condi\u021bii - rezistent la cele mai calde \u0219i umede medii.  Un amestec de pantenol, ceramide \u0219i hialuronat de sodiu ofer\u0103 pielii hidratare pentru a condi\u021biona, \u00eenmuia \u0219i hidrata. Dispun\u00e2nd de un aplicator din p\u00e2sl\u0103 moale, Black Matte Dipliner ofer\u0103 o aplicare precis\u0103, f\u0103r\u0103 erori pentru toat\u0103 lumea, de la \u00eencep\u0103tori la profesioni\u0219ti.  Potrivit pentru toate tipurile de piele \u0219i ochi sensibili. Nu contine parabeni si gluten. Testat dermatolog. Testat oftalmolog.\" \/>\n<meta property=\"og:url\" content=\"https:\/\/alixavien.md\/ro\/product\/black-matte-dipliner\/\" \/>\n<meta property=\"og:site_name\" content=\"Alix Avien Cosmetic - Paris\" \/>\n<meta property=\"article:modified_time\" content=\"2025-02-25T04:38:02+00:00\" \/>\n<meta property=\"og:image\" content=\"https:\/\/alixavien.md\/wp-content\/uploads\/2025\/02\/Black-Matte-Dipliner-01.jpg\" \/>\n\t<meta property=\"og:image:width\" content=\"1000\" \/>\n\t<meta property=\"og:image:height\" content=\"1000\" \/>\n\t<meta property=\"og:image:type\" content=\"image\/jpeg\" \/>\n<meta name=\"twitter:card\" content=\"summary_large_image\" \/>\n<meta name=\"twitter:label1\" content=\"Timp estimat pentru citire\" \/>\n\t<meta name=\"twitter:data1\" content=\"1 minut\" \/>\n<script type=\"application\/ld+json\" class=\"yoast-schema-graph\">{\"@context\":\"https:\\\/\\\/schema.org\",\"@graph\":[{\"@type\":\"WebPage\",\"@id\":\"https:\\\/\\\/alixavien.md\\\/ro\\\/product\\\/black-matte-dipliner\\\/\",\"url\":\"https:\\\/\\\/alixavien.md\\\/ro\\\/product\\\/black-matte-dipliner\\\/\",\"name\":\"Black Matte Dipliner 17215 - Alix Avien Cosmetic - Paris\",\"isPartOf\":{\"@id\":\"https:\\\/\\\/alixavien.md\\\/ro\\\/#website\"},\"primaryImageOfPage\":{\"@id\":\"https:\\\/\\\/alixavien.md\\\/ro\\\/product\\\/black-matte-dipliner\\\/#primaryimage\"},\"image\":{\"@id\":\"https:\\\/\\\/alixavien.md\\\/product\\\/black-matte-dipliner\\\/#primaryimage\"},\"thumbnailUrl\":\"https:\\\/\\\/alixavien.md\\\/wp-content\\\/uploads\\\/2025\\\/02\\\/Black-Matte-Dipliner-01.jpg\",\"datePublished\":\"2025-02-05T15:02:32+00:00\",\"dateModified\":\"2025-02-25T04:38:02+00:00\",\"breadcrumb\":{\"@id\":\"https:\\\/\\\/alixavien.md\\\/ro\\\/product\\\/black-matte-dipliner\\\/#breadcrumb\"},\"inLanguage\":\"ro-RO\",\"potentialAction\":[{\"@type\":\"ReadAction\",\"target\":[[\"https:\\\/\\\/alixavien.md\\\/ro\\\/product\\\/black-matte-dipliner\\\/\"]]}]},{\"@type\":\"ImageObject\",\"inLanguage\":\"ro-RO\",\"@id\":\"https:\\\/\\\/alixavien.md\\\/ro\\\/product\\\/black-matte-dipliner\\\/#primaryimage\",\"url\":\"https:\\\/\\\/alixavien.md\\\/wp-content\\\/uploads\\\/2025\\\/02\\\/Black-Matte-Dipliner-01.jpg\",\"contentUrl\":\"https:\\\/\\\/alixavien.md\\\/wp-content\\\/uploads\\\/2025\\\/02\\\/Black-Matte-Dipliner-01.jpg\",\"width\":1000,\"height\":1000},{\"@type\":\"BreadcrumbList\",\"@id\":\"https:\\\/\\\/alixavien.md\\\/ro\\\/product\\\/black-matte-dipliner\\\/#breadcrumb\",\"itemListElement\":[{\"@type\":\"ListItem\",\"position\":1,\"name\":\"\u0413\u043b\u0430\u0432\u043d\u0430\u044f \u0441\u0442\u0440\u0430\u043d\u0438\u0446\u0430\",\"item\":\"https:\\\/\\\/alixavien.md\\\/ro\\\/\"},{\"@type\":\"ListItem\",\"position\":2,\"name\":\"\u041a\u0430\u0442\u0430\u043b\u043e\u0433\",\"item\":\"https:\\\/\\\/alixavien.md\\\/ro\\\/catalog\\\/\"},{\"@type\":\"ListItem\",\"position\":3,\"name\":\"Black Matte Dipliner 17215\"}]},{\"@type\":\"WebSite\",\"@id\":\"https:\\\/\\\/alixavien.md\\\/ro\\\/#website\",\"url\":\"https:\\\/\\\/alixavien.md\\\/ro\\\/\",\"name\":\"Alix Avien Cosmetic - Paris\",\"description\":\"\",\"potentialAction\":[{\"@type\":\"SearchAction\",\"target\":{\"@type\":\"EntryPoint\",\"urlTemplate\":\"https:\\\/\\\/alixavien.md\\\/ro\\\/?s={search_term_string}\"},\"query-input\":{\"@type\":\"PropertyValueSpecification\",\"valueRequired\":true,\"valueName\":\"search_term_string\"}}],\"inLanguage\":\"ro-RO\"}]}<\/script>\n<!-- \/ Yoast SEO plugin. -->","yoast_head_json":{"title":"Black Matte Dipliner 17215 - Alix Avien Cosmetic - Paris","robots":{"index":"index","follow":"follow","max-snippet":"max-snippet:-1","max-image-preview":"max-image-preview:large","max-video-preview":"max-video-preview:-1"},"canonical":"https:\/\/alixavien.md\/ro\/product\/black-matte-dipliner\/","og_locale":"ro_RO","og_type":"article","og_title":"Black Matte Dipliner 17215 - Alix Avien Cosmetic - Paris","og_description":"Un creion de ochi lichid conceput pentru a ad\u0103uga o \u00eenalt\u0103 defini\u021bie \u0219i profunzime machiajului ochilor t\u0103i, oferind ochilor linii perfecte \u0219i un finisaj mat frumos.  Textura u\u0219oar\u0103 se usuc\u0103 rapid pentru a oferi o intensitate ridicat\u0103 a culorii \u0219i o nuan\u021b\u0103 bogat\u0103 \u0219i profund\u0103, care este rezistent\u0103 la ap\u0103, transfer, transpira\u021bie \u0219i pete. Formula alunec\u0103 lin pe piele \u00eentr-o singur\u0103 mi\u0219care pentru un finisaj negru mat \u0219i profund. Creionul de ochi cu durat\u0103 ultra lung\u0103 rezist\u0103 p\u00e2n\u0103 la 17 ore chiar \u0219i \u00een cele mai extreme condi\u021bii - rezistent la cele mai calde \u0219i umede medii.  Un amestec de pantenol, ceramide \u0219i hialuronat de sodiu ofer\u0103 pielii hidratare pentru a condi\u021biona, \u00eenmuia \u0219i hidrata. Dispun\u00e2nd de un aplicator din p\u00e2sl\u0103 moale, Black Matte Dipliner ofer\u0103 o aplicare precis\u0103, f\u0103r\u0103 erori pentru toat\u0103 lumea, de la \u00eencep\u0103tori la profesioni\u0219ti.  Potrivit pentru toate tipurile de piele \u0219i ochi sensibili. Nu contine parabeni si gluten. Testat dermatolog. Testat oftalmolog.","og_url":"https:\/\/alixavien.md\/ro\/product\/black-matte-dipliner\/","og_site_name":"Alix Avien Cosmetic - Paris","article_modified_time":"2025-02-25T04:38:02+00:00","og_image":[{"width":1000,"height":1000,"url":"https:\/\/alixavien.md\/wp-content\/uploads\/2025\/02\/Black-Matte-Dipliner-01.jpg","type":"image\/jpeg"}],"twitter_card":"summary_large_image","twitter_misc":{"Timp estimat pentru citire":"1 minut"},"schema":{"@context":"https:\/\/schema.org","@graph":[{"@type":"WebPage","@id":"https:\/\/alixavien.md\/ro\/product\/black-matte-dipliner\/","url":"https:\/\/alixavien.md\/ro\/product\/black-matte-dipliner\/","name":"Black Matte Dipliner 17215 - Alix Avien Cosmetic - Paris","isPartOf":{"@id":"https:\/\/alixavien.md\/ro\/#website"},"primaryImageOfPage":{"@id":"https:\/\/alixavien.md\/ro\/product\/black-matte-dipliner\/#primaryimage"},"image":{"@id":"https:\/\/alixavien.md\/product\/black-matte-dipliner\/#primaryimage"},"thumbnailUrl":"https:\/\/alixavien.md\/wp-content\/uploads\/2025\/02\/Black-Matte-Dipliner-01.jpg","datePublished":"2025-02-05T15:02:32+00:00","dateModified":"2025-02-25T04:38:02+00:00","breadcrumb":{"@id":"https:\/\/alixavien.md\/ro\/product\/black-matte-dipliner\/#breadcrumb"},"inLanguage":"ro-RO","potentialAction":[{"@type":"ReadAction","target":[["https:\/\/alixavien.md\/ro\/product\/black-matte-dipliner\/"]]}]},{"@type":"ImageObject","inLanguage":"ro-RO","@id":"https:\/\/alixavien.md\/ro\/product\/black-matte-dipliner\/#primaryimage","url":"https:\/\/alixavien.md\/wp-content\/uploads\/2025\/02\/Black-Matte-Dipliner-01.jpg","contentUrl":"https:\/\/alixavien.md\/wp-content\/uploads\/2025\/02\/Black-Matte-Dipliner-01.jpg","width":1000,"height":1000},{"@type":"BreadcrumbList","@id":"https:\/\/alixavien.md\/ro\/product\/black-matte-dipliner\/#breadcrumb","itemListElement":[{"@type":"ListItem","position":1,"name":"\u0413\u043b\u0430\u0432\u043d\u0430\u044f \u0441\u0442\u0440\u0430\u043d\u0438\u0446\u0430","item":"https:\/\/alixavien.md\/ro\/"},{"@type":"ListItem","position":2,"name":"\u041a\u0430\u0442\u0430\u043b\u043e\u0433","item":"https:\/\/alixavien.md\/ro\/catalog\/"},{"@type":"ListItem","position":3,"name":"Black Matte Dipliner 17215"}]},{"@type":"WebSite","@id":"https:\/\/alixavien.md\/ro\/#website","url":"https:\/\/alixavien.md\/ro\/","name":"Alix Avien Cosmetic - Paris","description":"","potentialAction":[{"@type":"SearchAction","target":{"@type":"EntryPoint","urlTemplate":"https:\/\/alixavien.md\/ro\/?s={search_term_string}"},"query-input":{"@type":"PropertyValueSpecification","valueRequired":true,"valueName":"search_term_string"}}],"inLanguage":"ro-RO"}]}},"_links":{"self":[{"href":"https:\/\/alixavien.md\/ro\/wp-json\/wp\/v2\/product\/28015","targetHints":{"allow":["GET"]}}],"collection":[{"href":"https:\/\/alixavien.md\/ro\/wp-json\/wp\/v2\/product"}],"about":[{"href":"https:\/\/alixavien.md\/ro\/wp-json\/wp\/v2\/types\/product"}],"version-history":[{"count":3,"href":"https:\/\/alixavien.md\/ro\/wp-json\/wp\/v2\/product\/28015\/revisions"}],"predecessor-version":[{"id":33662,"href":"https:\/\/alixavien.md\/ro\/wp-json\/wp\/v2\/product\/28015\/revisions\/33662"}],"wp:featuredmedia":[{"embeddable":true,"href":"https:\/\/alixavien.md\/ro\/wp-json\/wp\/v2\/media\/28016"}],"wp:attachment":[{"href":"https:\/\/alixavien.md\/ro\/wp-json\/wp\/v2\/media?parent=28015"}],"wp:term":[{"taxonomy":"product_brand","embeddable":true,"href":"https:\/\/alixavien.md\/ro\/wp-json\/wp\/v2\/product_brand?post=28015"},{"taxonomy":"product_cat","embeddable":true,"href":"https:\/\/alixavien.md\/ro\/wp-json\/wp\/v2\/product_cat?post=28015"},{"taxonomy":"product_tag","embeddable":true,"href":"https:\/\/alixavien.md\/ro\/wp-json\/wp\/v2\/product_tag?post=28015"}],"curies":[{"name":"wp","href":"https:\/\/api.w.org\/{rel}","templated":true}]}}