{"id":27976,"date":"2025-02-05T14:49:22","date_gmt":"2025-02-05T14:49:22","guid":{"rendered":"https:\/\/alixavien.md\/?post_type=product&#038;p=27976"},"modified":"2025-02-25T22:18:22","modified_gmt":"2025-02-25T22:18:22","slug":"retractable-eyebrow-pencil-01-nude","status":"publish","type":"product","link":"https:\/\/alixavien.md\/ro\/product\/retractable-eyebrow-pencil-01-nude\/","title":{"rendered":"Retractable Eyebrow Pencil \u2013 01 Nude 03362"},"content":{"rendered":"","protected":false},"excerpt":{"rendered":"<p>Un creion retractabil fin, cu dou\u0103 capete, ultrafin, care umple \u00een mod natural \u0219i modeleaz\u0103 cu precizie spr\u00e2ncenele.<\/p>\n<p>Textura neted\u0103 pe baz\u0103 de cear\u0103 alunec\u0103 u\u0219or \u0219i uniform, asigur\u00e2nd o aplicare \u0219i o amestecare impecabile. Ofer\u0103 un aspect natural cu un v\u00e2rf fin pentru coafare u\u0219oar\u0103. Dispune de o perie spoolie pentru a cur\u0103\u021ba p\u0103rul spr\u00e2ncenelor \u0219i o culoare difuz\u0103 pentru aspectul dorit. Nu este nevoie de un ascu\u021bitor, iar v\u00e2rful exclusiv de r\u0103sucire creeaz\u0103 o dimensiune mai voluminoas\u0103 a spr\u00e2ncenelor.<\/p>\n<p>Disponibil \u00een 3 op\u021biuni de culoare.<br \/>\nPotrivit pentru toate tipurile de piele.<br \/>\nNu contine parabeni si gluten.<br \/>\nTestat oftalmolog.<\/p>\n","protected":false},"featured_media":27977,"template":"","meta":[],"product_brand":[],"product_cat":[270],"product_tag":[],"class_list":{"0":"post-27976","1":"product","2":"type-product","3":"status-publish","4":"has-post-thumbnail","6":"product_cat-eyebrow","8":"first","9":"instock","10":"shipping-taxable","11":"purchasable","12":"product-type-simple"},"yoast_head":"<!-- This site is optimized with the Yoast SEO plugin v27.6 - https:\/\/yoast.com\/product\/yoast-seo-wordpress\/ -->\n<title>Retractable Eyebrow Pencil \u2013 01 Nude 03362 - Alix Avien Cosmetic - Paris<\/title>\n<meta name=\"robots\" content=\"index, follow, max-snippet:-1, max-image-preview:large, max-video-preview:-1\" \/>\n<link rel=\"canonical\" href=\"https:\/\/alixavien.md\/ro\/product\/retractable-eyebrow-pencil-01-nude\/\" \/>\n<meta property=\"og:locale\" content=\"ro_RO\" \/>\n<meta property=\"og:type\" content=\"article\" \/>\n<meta property=\"og:title\" content=\"Retractable Eyebrow Pencil \u2013 01 Nude 03362 - Alix Avien Cosmetic - Paris\" \/>\n<meta property=\"og:description\" content=\"Un creion retractabil fin, cu dou\u0103 capete, ultrafin, care umple \u00een mod natural \u0219i modeleaz\u0103 cu precizie spr\u00e2ncenele.  Textura neted\u0103 pe baz\u0103 de cear\u0103 alunec\u0103 u\u0219or \u0219i uniform, asigur\u00e2nd o aplicare \u0219i o amestecare impecabile. Ofer\u0103 un aspect natural cu un v\u00e2rf fin pentru coafare u\u0219oar\u0103. Dispune de o perie spoolie pentru a cur\u0103\u021ba p\u0103rul spr\u00e2ncenelor \u0219i o culoare difuz\u0103 pentru aspectul dorit. Nu este nevoie de un ascu\u021bitor, iar v\u00e2rful exclusiv de r\u0103sucire creeaz\u0103 o dimensiune mai voluminoas\u0103 a spr\u00e2ncenelor.  Disponibil \u00een 3 op\u021biuni de culoare. Potrivit pentru toate tipurile de piele. Nu contine parabeni si gluten. Testat oftalmolog.\" \/>\n<meta property=\"og:url\" content=\"https:\/\/alixavien.md\/ro\/product\/retractable-eyebrow-pencil-01-nude\/\" \/>\n<meta property=\"og:site_name\" content=\"Alix Avien Cosmetic - Paris\" \/>\n<meta property=\"article:modified_time\" content=\"2025-02-25T22:18:22+00:00\" \/>\n<meta property=\"og:image\" content=\"https:\/\/alixavien.md\/wp-content\/uploads\/2025\/02\/Retractable-Eyebrow-Pencil-01-Nude-min.jpg\" \/>\n\t<meta property=\"og:image:width\" content=\"1000\" \/>\n\t<meta property=\"og:image:height\" content=\"1000\" \/>\n\t<meta property=\"og:image:type\" content=\"image\/jpeg\" \/>\n<meta name=\"twitter:card\" content=\"summary_large_image\" \/>\n<meta name=\"twitter:label1\" content=\"Timp estimat pentru citire\" \/>\n\t<meta name=\"twitter:data1\" content=\"1 minut\" \/>\n<script type=\"application\/ld+json\" class=\"yoast-schema-graph\">{\"@context\":\"https:\\\/\\\/schema.org\",\"@graph\":[{\"@type\":\"WebPage\",\"@id\":\"https:\\\/\\\/alixavien.md\\\/ro\\\/product\\\/retractable-eyebrow-pencil-01-nude\\\/\",\"url\":\"https:\\\/\\\/alixavien.md\\\/ro\\\/product\\\/retractable-eyebrow-pencil-01-nude\\\/\",\"name\":\"Retractable Eyebrow Pencil \u2013 01 Nude 03362 - Alix Avien Cosmetic - Paris\",\"isPartOf\":{\"@id\":\"https:\\\/\\\/alixavien.md\\\/ro\\\/#website\"},\"primaryImageOfPage\":{\"@id\":\"https:\\\/\\\/alixavien.md\\\/ro\\\/product\\\/retractable-eyebrow-pencil-01-nude\\\/#primaryimage\"},\"image\":{\"@id\":\"https:\\\/\\\/alixavien.md\\\/product\\\/retractable-eyebrow-pencil-01-nude\\\/#primaryimage\"},\"thumbnailUrl\":\"https:\\\/\\\/alixavien.md\\\/wp-content\\\/uploads\\\/2025\\\/02\\\/Retractable-Eyebrow-Pencil-01-Nude-min.jpg\",\"datePublished\":\"2025-02-05T14:49:22+00:00\",\"dateModified\":\"2025-02-25T22:18:22+00:00\",\"breadcrumb\":{\"@id\":\"https:\\\/\\\/alixavien.md\\\/ro\\\/product\\\/retractable-eyebrow-pencil-01-nude\\\/#breadcrumb\"},\"inLanguage\":\"ro-RO\",\"potentialAction\":[{\"@type\":\"ReadAction\",\"target\":[[\"https:\\\/\\\/alixavien.md\\\/ro\\\/product\\\/retractable-eyebrow-pencil-01-nude\\\/\"]]}]},{\"@type\":\"ImageObject\",\"inLanguage\":\"ro-RO\",\"@id\":\"https:\\\/\\\/alixavien.md\\\/ro\\\/product\\\/retractable-eyebrow-pencil-01-nude\\\/#primaryimage\",\"url\":\"https:\\\/\\\/alixavien.md\\\/wp-content\\\/uploads\\\/2025\\\/02\\\/Retractable-Eyebrow-Pencil-01-Nude-min.jpg\",\"contentUrl\":\"https:\\\/\\\/alixavien.md\\\/wp-content\\\/uploads\\\/2025\\\/02\\\/Retractable-Eyebrow-Pencil-01-Nude-min.jpg\",\"width\":1000,\"height\":1000},{\"@type\":\"BreadcrumbList\",\"@id\":\"https:\\\/\\\/alixavien.md\\\/ro\\\/product\\\/retractable-eyebrow-pencil-01-nude\\\/#breadcrumb\",\"itemListElement\":[{\"@type\":\"ListItem\",\"position\":1,\"name\":\"\u0413\u043b\u0430\u0432\u043d\u0430\u044f \u0441\u0442\u0440\u0430\u043d\u0438\u0446\u0430\",\"item\":\"https:\\\/\\\/alixavien.md\\\/ro\\\/\"},{\"@type\":\"ListItem\",\"position\":2,\"name\":\"\u041a\u0430\u0442\u0430\u043b\u043e\u0433\",\"item\":\"https:\\\/\\\/alixavien.md\\\/ro\\\/catalog\\\/\"},{\"@type\":\"ListItem\",\"position\":3,\"name\":\"Retractable Eyebrow Pencil \u2013 01 Nude 03362\"}]},{\"@type\":\"WebSite\",\"@id\":\"https:\\\/\\\/alixavien.md\\\/ro\\\/#website\",\"url\":\"https:\\\/\\\/alixavien.md\\\/ro\\\/\",\"name\":\"Alix Avien Cosmetic - Paris\",\"description\":\"\",\"potentialAction\":[{\"@type\":\"SearchAction\",\"target\":{\"@type\":\"EntryPoint\",\"urlTemplate\":\"https:\\\/\\\/alixavien.md\\\/ro\\\/?s={search_term_string}\"},\"query-input\":{\"@type\":\"PropertyValueSpecification\",\"valueRequired\":true,\"valueName\":\"search_term_string\"}}],\"inLanguage\":\"ro-RO\"}]}<\/script>\n<!-- \/ Yoast SEO plugin. -->","yoast_head_json":{"title":"Retractable Eyebrow Pencil \u2013 01 Nude 03362 - Alix Avien Cosmetic - Paris","robots":{"index":"index","follow":"follow","max-snippet":"max-snippet:-1","max-image-preview":"max-image-preview:large","max-video-preview":"max-video-preview:-1"},"canonical":"https:\/\/alixavien.md\/ro\/product\/retractable-eyebrow-pencil-01-nude\/","og_locale":"ro_RO","og_type":"article","og_title":"Retractable Eyebrow Pencil \u2013 01 Nude 03362 - Alix Avien Cosmetic - Paris","og_description":"Un creion retractabil fin, cu dou\u0103 capete, ultrafin, care umple \u00een mod natural \u0219i modeleaz\u0103 cu precizie spr\u00e2ncenele.  Textura neted\u0103 pe baz\u0103 de cear\u0103 alunec\u0103 u\u0219or \u0219i uniform, asigur\u00e2nd o aplicare \u0219i o amestecare impecabile. Ofer\u0103 un aspect natural cu un v\u00e2rf fin pentru coafare u\u0219oar\u0103. Dispune de o perie spoolie pentru a cur\u0103\u021ba p\u0103rul spr\u00e2ncenelor \u0219i o culoare difuz\u0103 pentru aspectul dorit. Nu este nevoie de un ascu\u021bitor, iar v\u00e2rful exclusiv de r\u0103sucire creeaz\u0103 o dimensiune mai voluminoas\u0103 a spr\u00e2ncenelor.  Disponibil \u00een 3 op\u021biuni de culoare. Potrivit pentru toate tipurile de piele. Nu contine parabeni si gluten. Testat oftalmolog.","og_url":"https:\/\/alixavien.md\/ro\/product\/retractable-eyebrow-pencil-01-nude\/","og_site_name":"Alix Avien Cosmetic - Paris","article_modified_time":"2025-02-25T22:18:22+00:00","og_image":[{"width":1000,"height":1000,"url":"https:\/\/alixavien.md\/wp-content\/uploads\/2025\/02\/Retractable-Eyebrow-Pencil-01-Nude-min.jpg","type":"image\/jpeg"}],"twitter_card":"summary_large_image","twitter_misc":{"Timp estimat pentru citire":"1 minut"},"schema":{"@context":"https:\/\/schema.org","@graph":[{"@type":"WebPage","@id":"https:\/\/alixavien.md\/ro\/product\/retractable-eyebrow-pencil-01-nude\/","url":"https:\/\/alixavien.md\/ro\/product\/retractable-eyebrow-pencil-01-nude\/","name":"Retractable Eyebrow Pencil \u2013 01 Nude 03362 - Alix Avien Cosmetic - Paris","isPartOf":{"@id":"https:\/\/alixavien.md\/ro\/#website"},"primaryImageOfPage":{"@id":"https:\/\/alixavien.md\/ro\/product\/retractable-eyebrow-pencil-01-nude\/#primaryimage"},"image":{"@id":"https:\/\/alixavien.md\/product\/retractable-eyebrow-pencil-01-nude\/#primaryimage"},"thumbnailUrl":"https:\/\/alixavien.md\/wp-content\/uploads\/2025\/02\/Retractable-Eyebrow-Pencil-01-Nude-min.jpg","datePublished":"2025-02-05T14:49:22+00:00","dateModified":"2025-02-25T22:18:22+00:00","breadcrumb":{"@id":"https:\/\/alixavien.md\/ro\/product\/retractable-eyebrow-pencil-01-nude\/#breadcrumb"},"inLanguage":"ro-RO","potentialAction":[{"@type":"ReadAction","target":[["https:\/\/alixavien.md\/ro\/product\/retractable-eyebrow-pencil-01-nude\/"]]}]},{"@type":"ImageObject","inLanguage":"ro-RO","@id":"https:\/\/alixavien.md\/ro\/product\/retractable-eyebrow-pencil-01-nude\/#primaryimage","url":"https:\/\/alixavien.md\/wp-content\/uploads\/2025\/02\/Retractable-Eyebrow-Pencil-01-Nude-min.jpg","contentUrl":"https:\/\/alixavien.md\/wp-content\/uploads\/2025\/02\/Retractable-Eyebrow-Pencil-01-Nude-min.jpg","width":1000,"height":1000},{"@type":"BreadcrumbList","@id":"https:\/\/alixavien.md\/ro\/product\/retractable-eyebrow-pencil-01-nude\/#breadcrumb","itemListElement":[{"@type":"ListItem","position":1,"name":"\u0413\u043b\u0430\u0432\u043d\u0430\u044f \u0441\u0442\u0440\u0430\u043d\u0438\u0446\u0430","item":"https:\/\/alixavien.md\/ro\/"},{"@type":"ListItem","position":2,"name":"\u041a\u0430\u0442\u0430\u043b\u043e\u0433","item":"https:\/\/alixavien.md\/ro\/catalog\/"},{"@type":"ListItem","position":3,"name":"Retractable Eyebrow Pencil \u2013 01 Nude 03362"}]},{"@type":"WebSite","@id":"https:\/\/alixavien.md\/ro\/#website","url":"https:\/\/alixavien.md\/ro\/","name":"Alix Avien Cosmetic - Paris","description":"","potentialAction":[{"@type":"SearchAction","target":{"@type":"EntryPoint","urlTemplate":"https:\/\/alixavien.md\/ro\/?s={search_term_string}"},"query-input":{"@type":"PropertyValueSpecification","valueRequired":true,"valueName":"search_term_string"}}],"inLanguage":"ro-RO"}]}},"_links":{"self":[{"href":"https:\/\/alixavien.md\/ro\/wp-json\/wp\/v2\/product\/27976","targetHints":{"allow":["GET"]}}],"collection":[{"href":"https:\/\/alixavien.md\/ro\/wp-json\/wp\/v2\/product"}],"about":[{"href":"https:\/\/alixavien.md\/ro\/wp-json\/wp\/v2\/types\/product"}],"version-history":[{"count":3,"href":"https:\/\/alixavien.md\/ro\/wp-json\/wp\/v2\/product\/27976\/revisions"}],"predecessor-version":[{"id":33731,"href":"https:\/\/alixavien.md\/ro\/wp-json\/wp\/v2\/product\/27976\/revisions\/33731"}],"wp:featuredmedia":[{"embeddable":true,"href":"https:\/\/alixavien.md\/ro\/wp-json\/wp\/v2\/media\/27977"}],"wp:attachment":[{"href":"https:\/\/alixavien.md\/ro\/wp-json\/wp\/v2\/media?parent=27976"}],"wp:term":[{"taxonomy":"product_brand","embeddable":true,"href":"https:\/\/alixavien.md\/ro\/wp-json\/wp\/v2\/product_brand?post=27976"},{"taxonomy":"product_cat","embeddable":true,"href":"https:\/\/alixavien.md\/ro\/wp-json\/wp\/v2\/product_cat?post=27976"},{"taxonomy":"product_tag","embeddable":true,"href":"https:\/\/alixavien.md\/ro\/wp-json\/wp\/v2\/product_tag?post=27976"}],"curies":[{"name":"wp","href":"https:\/\/api.w.org\/{rel}","templated":true}]}}